{"id":11728,"date":"2025-07-14T21:46:20","date_gmt":"2025-07-14T19:46:20","guid":{"rendered":"https:\/\/ecodom.md\/?post_type=product&#038;p=11728"},"modified":"2025-07-14T21:50:48","modified_gmt":"2025-07-14T19:50:48","slug":"tp-link-camera-de-interior-tapo-c100","status":"publish","type":"product","link":"https:\/\/ecodom.md\/ro\/cat\/tp-link-camera-de-interior-tapo-c100\/","title":{"rendered":"TP-Link Camer\u0103 de interior TAPO C100"},"content":{"rendered":"<p><strong>Camer\u0103 de interior TP-Link TAPO<\/strong> &#8211; ofer\u0103 \u00eenregistrare video de \u00eenalt\u0103 defini\u021bie Full HD 1080p pentru imagini clare \u0219i detaliate. Viziunea avansat\u0103 pe timp de noapte cu LED IR de 850nm permite vizibilitate p\u00e2n\u0103 la 9 metri.<\/p>\n<p><strong>Caracteristici principale:<\/strong><br \/>\n<em>\ud83c\udfa5 Video de \u00eenalt\u0103 defini\u021bie:<\/em> Imagini clare la 1080p<br \/>\n<em>\ud83c\udf19 Viziune pe timp de noapte:<\/em> LED IR 850nm p\u00e2n\u0103 la 9 metri<br \/>\n<em>\ud83d\udd14 Detectarea mi\u0219c\u0103rii \u0219i notific\u0103ri:<\/em> Avertizeaz\u0103 c\u00e2nd detecteaz\u0103 mi\u0219care<br \/>\n<em>\ud83d\udea8 Alarm\u0103 sonor\u0103 \u0219i luminoas\u0103:<\/em> Pentru a speria vizitatorii nedori\u021bi<br \/>\n<em>\ud83c\udf99\ufe0f Audio bidirec\u021bional:<\/em> Microfon \u0219i difuzor integrate pentru comunicare<br \/>\n<em>\ud83d\udcbe Stocare sigur\u0103:<\/em> Suport microSD p\u00e2n\u0103 la 128 GB (p\u00e2n\u0103 la 384 ore de \u00eenregistrare)<br \/>\n<em>\ud83d\udcf1 Configurare \u0219i gestionare u\u0219oar\u0103:<\/em> Prin aplica\u021bia Tapo<br \/>\n<em>\ud83c\udf10 Conectivitate:<\/em> Wi-Fi 2.4 GHz, vitez\u0103 p\u00e2n\u0103 la 150 Mbps<br \/>\n<em>\ud83d\udd12 Securitate:<\/em> Criptare AES pe 128 bi\u021bi cu SSL\/TLS<br \/>\n<em>\u26a1 Alimentare:<\/em> Adaptor 9V \/ 0.6A cu cablu de 3 metri<br \/>\n<em>\ud83d\udccf Dimensiuni:<\/em> 67.6 x 54.8 x 98.9 mm<br \/>\n<em>\ud83d\udcf1 Compatibilitate:<\/em> iOS 10+ \u0219i Android 5.0+<\/p>\n","protected":false},"excerpt":{"rendered":"<p><strong>Camer\u0103 de interior TP-Link TAPO<\/strong> &#8211; ofer\u0103 \u00eenregistrare video de \u00eenalt\u0103 defini\u021bie Full HD 1080p pentru imagini clare \u0219i detaliate. Viziunea avansat\u0103 pe timp de noapte cu LED IR de 850nm permite vizibilitate p\u00e2n\u0103 la 9 metri.<\/p>\n","protected":false},"featured_media":11723,"comment_status":"closed","ping_status":"closed","template":"","meta":[],"product_brand":[1325],"product_cat":[513,511],"product_tag":[1516,560,1345,1540,1480],"class_list":{"0":"post-11728","1":"product","2":"type-product","3":"status-publish","4":"has-post-thumbnail","6":"product_brand-tp-link","7":"product_cat-monitorizare-video","8":"product_cat-securitate","9":"product_tag-camera-de-interior","10":"product_tag-camera-wi-fi","11":"product_tag-detectare-miscare","12":"product_tag-securitate-pentru-casa","13":"product_tag-vedere-nocturna","15":"first","16":"instock","17":"shipping-taxable","18":"purchasable","19":"product-type-simple"},"aioseo_notices":[],"_links":{"self":[{"href":"https:\/\/ecodom.md\/ro\/wp-json\/wp\/v2\/product\/11728","targetHints":{"allow":["GET"]}}],"collection":[{"href":"https:\/\/ecodom.md\/ro\/wp-json\/wp\/v2\/product"}],"about":[{"href":"https:\/\/ecodom.md\/ro\/wp-json\/wp\/v2\/types\/product"}],"replies":[{"embeddable":true,"href":"https:\/\/ecodom.md\/ro\/wp-json\/wp\/v2\/comments?post=11728"}],"wp:featuredmedia":[{"embeddable":true,"href":"https:\/\/ecodom.md\/ro\/wp-json\/wp\/v2\/media\/11723"}],"wp:attachment":[{"href":"https:\/\/ecodom.md\/ro\/wp-json\/wp\/v2\/media?parent=11728"}],"wp:term":[{"taxonomy":"product_brand","embeddable":true,"href":"https:\/\/ecodom.md\/ro\/wp-json\/wp\/v2\/product_brand?post=11728"},{"taxonomy":"product_cat","embeddable":true,"href":"https:\/\/ecodom.md\/ro\/wp-json\/wp\/v2\/product_cat?post=11728"},{"taxonomy":"product_tag","embeddable":true,"href":"https:\/\/ecodom.md\/ro\/wp-json\/wp\/v2\/product_tag?post=11728"}],"curies":[{"name":"wp","href":"https:\/\/api.w.org\/{rel}","templated":true}]}}