{"id":11716,"date":"2025-07-14T21:09:54","date_gmt":"2025-07-14T19:09:54","guid":{"rendered":"https:\/\/ecodom.md\/?post_type=product&#038;p=11716"},"modified":"2025-07-14T21:15:11","modified_gmt":"2025-07-14T19:15:11","slug":"camera-de-supraveghere-exterior-imou-cruiser-se-5mp-alba-2","status":"publish","type":"product","link":"https:\/\/ecodom.md\/ro\/cat\/camera-de-supraveghere-exterior-imou-cruiser-se-5mp-alba-2\/","title":{"rendered":"Camer\u0103 de Supraveghere Exterior Imou Cruiser SE+ 5MP, Alb\u0103"},"content":{"rendered":"<p><strong>Camer\u0103 de supraveghere<\/strong> &#8211; rotativ\u0103 pentru exterior cu rezolu\u021bie 5MP, vedere pe timp de noapte p\u00e2n\u0103 la 30m \u0219i comunica\u021bie bidirec\u021bional\u0103. Ideal\u0103 pentru protec\u021bia casei sau cur\u021bii. Detecteaz\u0103 mi\u0219carea \u0219i persoanele, rezistent\u0103 la intemperii (IP66).<\/p>\n<p><strong>\ud83d\udd27 Caracteristici tehnice:<\/strong><br \/>\n<em>Tip:<\/em> Camer\u0103 de Supraveghere Inteligent\u0103<\/p>\n<p><em>Utilizare:<\/em> Exterior<\/p>\n<p><em>Rezolu\u021bie Video:<\/em> 2880 x 1620 (5MP)<\/p>\n<p><em>Dimensiune Senzor:<\/em> 1\/3&#8243;<\/p>\n<p><em>Lungimea Focal\u0103:<\/em> 3.6 mm<\/p>\n<p><em>Viziune Nocturn\u0103:<\/em> P\u00e2n\u0103 la 30m<\/p>\n<p><em>Audio:<\/em> Microfon \u0219i difuzor \u00eencorporat<\/p>\n<p><em>Compatibilitate Sistem:<\/em> Android, iOS<\/p>\n<p><em>Func\u021bii Smart:<\/em> Detectarea mi\u0219c\u0103rii, detectarea persoanelor<\/p>\n<p><em>Stocare:<\/em> Card MicroSD<\/p>\n<p><em>Re\u021bea:<\/em> Ethernet (LAN)<\/p>\n<p><em>Clasificare IP:<\/em> IP66<\/p>\n<p><em>Dimensiuni:<\/em> 121 x 136 x 183 mm<\/p>\n<p><em>Culoare:<\/em> Alb<\/p>\n","protected":false},"excerpt":{"rendered":"<p><strong>Camer\u0103 de supraveghere<\/strong> &#8211; rotativ\u0103 pentru exterior cu rezolu\u021bie 5MP, vedere pe timp de noapte p\u00e2n\u0103 la 30m \u0219i comunica\u021bie bidirec\u021bional\u0103. Ideal\u0103 pentru protec\u021bia casei sau cur\u021bii. Detecteaz\u0103 mi\u0219carea \u0219i persoanele, rezistent\u0103 la intemperii (IP66).<\/p>\n","protected":false},"featured_media":11713,"comment_status":"closed","ping_status":"closed","template":"","meta":[],"product_brand":[1512],"product_cat":[513,511],"product_tag":[1479,1530,1535,1534,611,1480],"class_list":{"0":"post-11716","1":"product","2":"type-product","3":"status-publish","4":"has-post-thumbnail","6":"product_brand-imou","7":"product_cat-monitorizare-video","8":"product_cat-securitate","9":"product_tag-camera-exterior","10":"product_tag-comunicare-bidirectionala","11":"product_tag-detectie-miscare","12":"product_tag-microfon-si-difuzor","13":"product_tag-supraveghere-video","14":"product_tag-vedere-nocturna","16":"first","17":"instock","18":"shipping-taxable","19":"purchasable","20":"product-type-simple"},"aioseo_notices":[],"_links":{"self":[{"href":"https:\/\/ecodom.md\/ro\/wp-json\/wp\/v2\/product\/11716","targetHints":{"allow":["GET"]}}],"collection":[{"href":"https:\/\/ecodom.md\/ro\/wp-json\/wp\/v2\/product"}],"about":[{"href":"https:\/\/ecodom.md\/ro\/wp-json\/wp\/v2\/types\/product"}],"replies":[{"embeddable":true,"href":"https:\/\/ecodom.md\/ro\/wp-json\/wp\/v2\/comments?post=11716"}],"wp:featuredmedia":[{"embeddable":true,"href":"https:\/\/ecodom.md\/ro\/wp-json\/wp\/v2\/media\/11713"}],"wp:attachment":[{"href":"https:\/\/ecodom.md\/ro\/wp-json\/wp\/v2\/media?parent=11716"}],"wp:term":[{"taxonomy":"product_brand","embeddable":true,"href":"https:\/\/ecodom.md\/ro\/wp-json\/wp\/v2\/product_brand?post=11716"},{"taxonomy":"product_cat","embeddable":true,"href":"https:\/\/ecodom.md\/ro\/wp-json\/wp\/v2\/product_cat?post=11716"},{"taxonomy":"product_tag","embeddable":true,"href":"https:\/\/ecodom.md\/ro\/wp-json\/wp\/v2\/product_tag?post=11716"}],"curies":[{"name":"wp","href":"https:\/\/api.w.org\/{rel}","templated":true}]}}