{"id":11669,"date":"2025-07-11T14:42:47","date_gmt":"2025-07-11T12:42:47","guid":{"rendered":"https:\/\/ecodom.md\/?post_type=product&#038;p=11669"},"modified":"2025-07-11T14:46:55","modified_gmt":"2025-07-11T12:46:55","slug":"camera-de-exterior-imou-bullet-2e-5mp-alba","status":"publish","type":"product","link":"https:\/\/ecodom.md\/ro\/cat\/camera-de-exterior-imou-bullet-2e-5mp-alba\/","title":{"rendered":"Camer\u0103 de exterior Imou Bullet 2E, 5Mp, alb\u0103"},"content":{"rendered":"<p><strong>Camer\u0103 de exterior Imou Bullet<\/strong> &#8211; este o camer\u0103 de supraveghere exterioar\u0103 robust\u0103 \u0219i performant\u0103, certificat\u0103 IP67, ce ofer\u0103 protec\u021bie \u00eempotriva apei \u0219i prafului. Ideal\u0103 pentru monitorizarea cur\u021bii, biroului sau altor spa\u021bii \u00een orice condi\u021bii meteorologice.<\/p>\n<p><strong>\ud83d\udccc Caracteristici principale:<\/strong><br \/>\n<em>\ud83d\udcf9 Tip:<\/em> Camer\u0103 inteligent\u0103 de securitate pentru exterior<br \/>\n<em>\ud83c\udfa8 Culoare:<\/em> Alb\u0103<br \/>\n<em>\ud83d\udd0d Rezolu\u021bie video:<\/em> 2880 x 1620 (5Mp)<br \/>\n<em>\ud83c\udf19 Vedere nocturn\u0103:<\/em> p\u00e2n\u0103 la 30 metri<br \/>\n<em>\ud83d\udd0a Audio:<\/em> Microfon \u00eencorporat<\/p>\n<p><strong>\ud83e\udde0 Func\u021bii inteligente:<\/strong><br \/>\n1. Detectarea mi\u0219c\u0103rii<br \/>\n2. Detectarea persoanelor<\/p>\n<p><strong>\ud83d\udcbe Stocare:<\/strong> Suport pentru card MicroSD<\/p>\n<p><strong>\ud83c\udf10 Conectivitate:<\/strong> Ethernet (LAN)<\/p>\n<p><strong>\ud83d\udcf1 Compatibilitate:<\/strong> Android, iOS<\/p>\n<p><strong>\ud83d\udcd0 Dimensiuni:<\/strong> 165 x 90 x 73 mm<\/p>\n<p><strong>\ud83d\udee1\ufe0f Protec\u021bie:<\/strong> IP67 \u2014 rezistent\u0103 la ap\u0103 \u0219i praf<\/p>\n<p><strong>\ud83d\udcf7 Dimensiunea senzorului:<\/strong> 1\/<\/p>\n","protected":false},"excerpt":{"rendered":"<p><strong>Camer\u0103 de exterior Imou Bullet<\/strong> &#8211; este o camer\u0103 de supraveghere exterioar\u0103 robust\u0103 \u0219i performant\u0103, certificat\u0103 IP67, ce ofer\u0103 protec\u021bie \u00eempotriva apei \u0219i prafului. Ideal\u0103 pentru monitorizarea cur\u021bii, biroului sau altor spa\u021bii \u00een orice condi\u021bii meteorologice.<\/p>\n","protected":false},"featured_media":11662,"comment_status":"closed","ping_status":"closed","template":"","meta":[],"product_brand":[1512],"product_cat":[513,511],"product_tag":[1511,1247,611],"class_list":{"0":"post-11669","1":"product","2":"type-product","3":"status-publish","4":"has-post-thumbnail","6":"product_brand-imou","7":"product_cat-monitorizare-video","8":"product_cat-securitate","9":"product_tag-camera-de-exterior","10":"product_tag-camera-inteligenta","11":"product_tag-supraveghere-video","13":"first","14":"instock","15":"shipping-taxable","16":"purchasable","17":"product-type-simple"},"aioseo_notices":[],"_links":{"self":[{"href":"https:\/\/ecodom.md\/ro\/wp-json\/wp\/v2\/product\/11669","targetHints":{"allow":["GET"]}}],"collection":[{"href":"https:\/\/ecodom.md\/ro\/wp-json\/wp\/v2\/product"}],"about":[{"href":"https:\/\/ecodom.md\/ro\/wp-json\/wp\/v2\/types\/product"}],"replies":[{"embeddable":true,"href":"https:\/\/ecodom.md\/ro\/wp-json\/wp\/v2\/comments?post=11669"}],"wp:featuredmedia":[{"embeddable":true,"href":"https:\/\/ecodom.md\/ro\/wp-json\/wp\/v2\/media\/11662"}],"wp:attachment":[{"href":"https:\/\/ecodom.md\/ro\/wp-json\/wp\/v2\/media?parent=11669"}],"wp:term":[{"taxonomy":"product_brand","embeddable":true,"href":"https:\/\/ecodom.md\/ro\/wp-json\/wp\/v2\/product_brand?post=11669"},{"taxonomy":"product_cat","embeddable":true,"href":"https:\/\/ecodom.md\/ro\/wp-json\/wp\/v2\/product_cat?post=11669"},{"taxonomy":"product_tag","embeddable":true,"href":"https:\/\/ecodom.md\/ro\/wp-json\/wp\/v2\/product_tag?post=11669"}],"curies":[{"name":"wp","href":"https:\/\/api.w.org\/{rel}","templated":true}]}}