{"id":11585,"date":"2025-07-07T15:21:19","date_gmt":"2025-07-07T13:21:19","guid":{"rendered":"https:\/\/ecodom.md\/?post_type=product&#038;p=11585"},"modified":"2025-07-07T15:28:47","modified_gmt":"2025-07-07T13:28:47","slug":"camera-de-retea-tp-link-turret-vigi-c450-lentila-4-mm","status":"publish","type":"product","link":"https:\/\/ecodom.md\/ro\/cat\/camera-de-retea-tp-link-turret-vigi-c450-lentila-4-mm\/","title":{"rendered":"Camer\u0103 de re\u021bea TP-Link Turret VIGI C450, lentil\u0103 4 mm"},"content":{"rendered":"<p><strong>Camera de re\u021bea TP-Link Turret VIGI C450<\/strong> &#8211; este o solu\u021bie inteligent\u0103 pentru securitatea casei sau biroului t\u0103u. Camera este echipat\u0103 cu o lentil\u0103 de 4 mm \u0219i un senzor 1\/2.7\u201d Progressive Scan CMOS, oferind o rezolu\u021bie video de 2880 x 1620 pixeli. Datorit\u0103 viziunii nocturne cu filtru IR \u0219i o distan\u021b\u0103 de iluminare de p\u00e2n\u0103 la 30 metri, dispozitivul surprinde fiecare detaliu chiar \u0219i \u00een \u00eentuneric total.<\/p>\n<p><em>Camera suport\u0103 panoramare<\/em> la 360\u00b0 \u0219i \u00eenclinare p\u00e2n\u0103 la 85\u00b0, acoperind o zon\u0103 larg\u0103. Stocarea datelor se face pe card MicroSD. Microfonul integrat permite \u00eenregistrarea audio.<\/p>\n<p><em>Securitatea conexiunii<\/em> este asigurat\u0103 prin criptare HTTPS, protec\u021bie prin parol\u0103 \u0219i filtrarea adreselor IP. Suportul pentru protocoalele TCP\/IP, HTTP(S), ONVIF \u0219i altele garanteaz\u0103 compatibilitatea cu majoritatea sistemelor de supraveghere video.<\/p>\n<p><em>Carcasa compact\u0103 de culoare alb\u0103<\/em> (123x84x123 mm) se integreaz\u0103 u\u0219or \u00een orice decor. Aceast\u0103 camer\u0103 este alegerea ideal\u0103 pentru cei care apreciaz\u0103 calitatea, func\u021bionalitatea \u0219i fiabilitatea.<\/p>\n<p><strong>Specifica\u021bii:<\/strong><br \/>\n<em>\u2022 Tip:<\/em> Sistem de securitate inteligent, camer\u0103 de re\u021bea<br \/>\n<em>\u2022 Temperatur\u0103 de operare:<\/em> -30 p\u00e2n\u0103 la +60 \u00b0C<br \/>\n<em>\u2022 Raz\u0103 panoramare:<\/em> 0\u00b0\u2013360\u00b0, \u00eenclinare: 0\u00b0\u201385\u00b0<br \/>\n<em>\u2022 Culoare:<\/em> alb<br \/>\n<em>\u2022 Rezolu\u021bie video:<\/em> 2880 x 1620<br \/>\n<em>\u2022 Dimensiunea senzorului:<\/em> 1\/2.7\u201d Progressive Scan CMOS<br \/>\n<em>\u2022 Distan\u021b\u0103 focal\u0103:<\/em> 4 mm<br \/>\n<em>\u2022 Viziune nocturn\u0103:<\/em> filtru IR, distan\u021b\u0103 30 m<br \/>\n<em>\u2022 Formate codare:<\/em> H.265+\/H.265\/ H.264+\/H.264<br \/>\n<em>\u2022 Audio:<\/em> microfon \u00eencorporat<br \/>\n<em>\u2022 Stocare:<\/em> card MicroSD<br \/>\n<em>\u2022 Re\u021bea:<\/em> Ethernet (RJ-45)<br \/>\n<em>\u2022 Securitate:<\/em> protec\u021bie parol\u0103, HTTPS, filtrare IP<br \/>\n<em>\u2022 Protocoale:<\/em> TCP\/IP, UDP, ICMP, HTTP, HTTPS, DHCP, DNS, RTSP, NTP, UPnP, SSL\/TLS<br \/>\n\u2022 <em>API:<\/em> ONVIF<br \/>\n<em>\u2022 Vizualizare simultan\u0103:<\/em> 3 fluxuri principale &amp; 3 sub-fluxuri<br \/>\n<em>\u2022 Alimentare:<\/em> adaptor de alimentare<br \/>\n<em>\u2022 Dimensiuni:<\/em> 123 x 84 x 123 mm<\/p>\n","protected":false},"excerpt":{"rendered":"<p><strong>Camera de re\u021bea TP-Link Turret VIGI C450 <\/strong>&#8211; este o solu\u021bie inteligent\u0103 pentru securitatea casei sau biroului t\u0103u. Camera este echipat\u0103 cu o lentil\u0103 de 4 mm \u0219i un senzor 1\/2.7\u201d Progressive Scan CMOS, oferind o rezolu\u021bie video de 2880 x 1620 pixeli. Datorit\u0103 viziunii nocturne cu filtru IR \u0219i o distan\u021b\u0103 de iluminare de p\u00e2n\u0103 la 30 metri, dispozitivul surprinde fiecare detaliu chiar \u0219i \u00een \u00eentuneric total.<\/p>\n","protected":false},"featured_media":11561,"comment_status":"closed","ping_status":"closed","template":"","meta":[],"product_brand":[1325],"product_cat":[513,511],"product_tag":[1452,1247,1249,611],"class_list":{"0":"post-11585","1":"product","2":"type-product","3":"status-publish","4":"has-post-thumbnail","6":"product_brand-tp-link","7":"product_cat-monitorizare-video","8":"product_cat-securitate","9":"product_tag-camera-de-retea","10":"product_tag-camera-inteligenta","11":"product_tag-camera-ip","12":"product_tag-supraveghere-video","14":"first","15":"instock","16":"shipping-taxable","17":"purchasable","18":"product-type-simple"},"aioseo_notices":[],"_links":{"self":[{"href":"https:\/\/ecodom.md\/ro\/wp-json\/wp\/v2\/product\/11585","targetHints":{"allow":["GET"]}}],"collection":[{"href":"https:\/\/ecodom.md\/ro\/wp-json\/wp\/v2\/product"}],"about":[{"href":"https:\/\/ecodom.md\/ro\/wp-json\/wp\/v2\/types\/product"}],"replies":[{"embeddable":true,"href":"https:\/\/ecodom.md\/ro\/wp-json\/wp\/v2\/comments?post=11585"}],"wp:featuredmedia":[{"embeddable":true,"href":"https:\/\/ecodom.md\/ro\/wp-json\/wp\/v2\/media\/11561"}],"wp:attachment":[{"href":"https:\/\/ecodom.md\/ro\/wp-json\/wp\/v2\/media?parent=11585"}],"wp:term":[{"taxonomy":"product_brand","embeddable":true,"href":"https:\/\/ecodom.md\/ro\/wp-json\/wp\/v2\/product_brand?post=11585"},{"taxonomy":"product_cat","embeddable":true,"href":"https:\/\/ecodom.md\/ro\/wp-json\/wp\/v2\/product_cat?post=11585"},{"taxonomy":"product_tag","embeddable":true,"href":"https:\/\/ecodom.md\/ro\/wp-json\/wp\/v2\/product_tag?post=11585"}],"curies":[{"name":"wp","href":"https:\/\/api.w.org\/{rel}","templated":true}]}}