{"id":11581,"date":"2025-07-07T14:30:07","date_gmt":"2025-07-07T12:30:07","guid":{"rendered":"https:\/\/ecodom.md\/?post_type=product&#038;p=11581"},"modified":"2025-07-07T14:57:37","modified_gmt":"2025-07-07T12:57:37","slug":"camera-de-retea-tp-link-vigi-c440i-28-mm","status":"publish","type":"product","link":"https:\/\/ecodom.md\/ro\/cat\/camera-de-retea-tp-link-vigi-c440i-28-mm\/","title":{"rendered":"Camer\u0103 de re\u021bea TP-Link VIGI C440I, 2,8 mm"},"content":{"rendered":"<p><strong>Descoper\u0103 siguran\u021ba absolut\u0103 cu camera de re\u021bea tip turret TP-Link VIGI C440I<\/strong>, dotat\u0103 cu lentil\u0103 de 2,8 mm! Cu o rezolu\u021bie de 2560&#215;1440 pixeli, aceast\u0103 camer\u0103 ofer\u0103 imagini clare \u0219i detaliate, astfel \u00eenc\u00e2t s\u0103 nu ratezi niciun detaliu important. Designul elegant \u0219i culoarea alb\u0103 se potrivesc perfect \u00een orice spa\u021biu exterior.<\/p>\n<p><em>Func\u021bioneaz\u0103 \u00een condi\u021bii extreme<\/em>, \u00eentre -30\u00b0C \u0219i +60\u00b0C, oferind o rota\u021bie complet\u0103 de 360\u00b0 \u0219i o \u00eenclinare de p\u00e2n\u0103 la 85\u00b0, pentru o acoperire total\u0103 a zonei supravegheate.<\/p>\n<p><em>Vizibilitatea nocturn\u0103 IR<\/em> de p\u00e2n\u0103 la 30 de metri asigur\u0103 monitorizare eficient\u0103 chiar \u0219i \u00een \u00eentuneric complet.<\/p>\n<p><em>Tehnologia de compresie<\/em> H.265+\/H.264+ p\u0103streaz\u0103 calitatea video la cel mai \u00eenalt nivel, reduc\u00e2nd \u00een acela\u0219i timp spa\u021biul de stocare necesar.<\/p>\n<p><em>Suportul PoE<\/em> simplific\u0103 instalarea \u0219i alimentarea camerei.<\/p>\n<p><em>Securitatea datelor<\/em> este garantat\u0103 prin protec\u021bie prin parol\u0103, criptare HTTPS \u0219i filtrare IP.<\/p>\n<p><em>\u00cen plus,<\/em> po\u021bi vizualiza simultan p\u00e2n\u0103 la 3 fluxuri principale \u0219i 3 secundare.<\/p>\n<p><em>Asigur\u0103-\u021bi casa sau afacerea cu camera TP-Link VIGI C440I \u2013 siguran\u021ba la superlativ!<\/em><\/p>\n","protected":false},"excerpt":{"rendered":"<p><strong>Descoper\u0103 siguran\u021ba absolut\u0103 cu camera de re\u021bea tip turret TP-Link VIGI C440I<\/strong>, dotat\u0103 cu lentil\u0103 de 2,8 mm! Cu o rezolu\u021bie de 2560&#215;1440 pixeli, aceast\u0103 camer\u0103 ofer\u0103 imagini clare \u0219i detaliate, astfel \u00eenc\u00e2t s\u0103 nu ratezi niciun detaliu important. Designul elegant \u0219i culoarea alb\u0103 se potrivesc perfect \u00een orice spa\u021biu exterior.<\/p>\n","protected":false},"featured_media":11574,"comment_status":"closed","ping_status":"closed","template":"","meta":[],"product_brand":[1325],"product_cat":[513,511],"product_tag":[1479,1249,1436,1480],"class_list":{"0":"post-11581","1":"product","2":"type-product","3":"status-publish","4":"has-post-thumbnail","6":"product_brand-tp-link","7":"product_cat-monitorizare-video","8":"product_cat-securitate","9":"product_tag-camera-exterior","10":"product_tag-camera-ip","11":"product_tag-camera-supraveghere","12":"product_tag-vedere-nocturna","14":"first","15":"instock","16":"shipping-taxable","17":"purchasable","18":"product-type-simple"},"aioseo_notices":[],"_links":{"self":[{"href":"https:\/\/ecodom.md\/ro\/wp-json\/wp\/v2\/product\/11581","targetHints":{"allow":["GET"]}}],"collection":[{"href":"https:\/\/ecodom.md\/ro\/wp-json\/wp\/v2\/product"}],"about":[{"href":"https:\/\/ecodom.md\/ro\/wp-json\/wp\/v2\/types\/product"}],"replies":[{"embeddable":true,"href":"https:\/\/ecodom.md\/ro\/wp-json\/wp\/v2\/comments?post=11581"}],"wp:featuredmedia":[{"embeddable":true,"href":"https:\/\/ecodom.md\/ro\/wp-json\/wp\/v2\/media\/11574"}],"wp:attachment":[{"href":"https:\/\/ecodom.md\/ro\/wp-json\/wp\/v2\/media?parent=11581"}],"wp:term":[{"taxonomy":"product_brand","embeddable":true,"href":"https:\/\/ecodom.md\/ro\/wp-json\/wp\/v2\/product_brand?post=11581"},{"taxonomy":"product_cat","embeddable":true,"href":"https:\/\/ecodom.md\/ro\/wp-json\/wp\/v2\/product_cat?post=11581"},{"taxonomy":"product_tag","embeddable":true,"href":"https:\/\/ecodom.md\/ro\/wp-json\/wp\/v2\/product_tag?post=11581"}],"curies":[{"name":"wp","href":"https:\/\/api.w.org\/{rel}","templated":true}]}}