{"id":11558,"date":"2025-07-07T13:08:53","date_gmt":"2025-07-07T11:08:53","guid":{"rendered":"https:\/\/ecodom.md\/?post_type=product&#038;p=11558"},"modified":"2025-07-07T13:19:17","modified_gmt":"2025-07-07T11:19:17","slug":"camera-de-retea-tp-link-vigi-c440-2-8-mm","status":"publish","type":"product","link":"https:\/\/ecodom.md\/ro\/cat\/camera-de-retea-tp-link-vigi-c440-2-8-mm\/","title":{"rendered":"Camer\u0103 de re\u021bea TP-Link VIGI C440, 2.8 mm"},"content":{"rendered":"<p><strong>Camer\u0103 de re\u021bea TP-Link VIGI C440<\/strong> &#8211; este o camer\u0103 IP inteligent\u0103, echipat\u0103 cu o rezolu\u021bie clar\u0103 de 4MP \u0219i un obiectiv cu unghi larg de 2.8 mm, ideal\u0103 pentru monitorizare extins\u0103 at\u00e2t \u00een interior, c\u00e2t \u0219i \u00een exterior. Cu func\u021bii audio bidirec\u021bionale \u0219i vedere pe timp de noapte, ofer\u0103 o solu\u021bie complet\u0103 de securitate.<\/p>\n<p><strong>\ud83d\udccc Caracteristici cheie:<\/strong><br \/>\n\u2022 Rezolu\u021bie 4MP (2560 \u00d7 1440): imagine clar\u0103, detaliat\u0103<br \/>\n\u2022 Obiectiv 2.8 mm: vedere larg\u0103 pentru spa\u021bii mari<br \/>\n\u2022 Viziune nocturn\u0103 p\u00e2n\u0103 la 30 m: cu filtru IR<br \/>\n\u2022 Audio bidirec\u021bional: microfon \u0219i difuzor integrate<br \/>\n\u2022 Design elegant: carcas\u0103 alb\u0103, rezistent\u0103<\/p>\n<p><strong>\ud83d\udd10 Re\u021bea \u0219i protec\u021bie:<\/strong><br \/>\n\u2022 Suport pentru protocoale: HTTPS, RTSP, TCP\/IP, ONVIF etc.<br \/>\n\u2022 Codecuri: H.265+\/H.265\/H.264+\/H.264<br \/>\n\u2022 Slot microSD pentru stocare local\u0103<br \/>\n\u2022 Alimentare cu adaptor<\/p>\n<p><strong>\ud83d\udccf Dimensiuni:<\/strong><br \/>\n123 \u00d7 123 \u00d7 84 mm<\/p>\n<p><em>O alegere fiabil\u0103 \u0219i modern\u0103 pentru o supraveghere inteligent\u0103.<\/em><\/p>\n","protected":false},"excerpt":{"rendered":"<p><strong>Camer\u0103 de re\u021bea TP-Link VIGI C440<\/strong> &#8211; este o camer\u0103 IP inteligent\u0103, echipat\u0103 cu o rezolu\u021bie clar\u0103 de 4MP \u0219i un obiectiv cu unghi larg de 2.8 mm, ideal\u0103 pentru monitorizare extins\u0103 at\u00e2t \u00een interior, c\u00e2t \u0219i \u00een exterior. Cu func\u021bii audio bidirec\u021bionale \u0219i vedere pe timp de noapte, ofer\u0103 o solu\u021bie complet\u0103 de securitate.<\/p>\n","protected":false},"featured_media":11551,"comment_status":"closed","ping_status":"closed","template":"","meta":[],"product_brand":[1325],"product_cat":[513,511],"product_tag":[1249,604,1510,611,1480],"class_list":{"0":"post-11558","1":"product","2":"type-product","3":"status-publish","4":"has-post-thumbnail","6":"product_brand-tp-link","7":"product_cat-monitorizare-video","8":"product_cat-securitate","9":"product_tag-camera-ip","10":"product_tag-securitate","11":"product_tag-sunet-bidirectional","12":"product_tag-supraveghere-video","13":"product_tag-vedere-nocturna","15":"first","16":"instock","17":"shipping-taxable","18":"purchasable","19":"product-type-simple"},"aioseo_notices":[],"_links":{"self":[{"href":"https:\/\/ecodom.md\/ro\/wp-json\/wp\/v2\/product\/11558","targetHints":{"allow":["GET"]}}],"collection":[{"href":"https:\/\/ecodom.md\/ro\/wp-json\/wp\/v2\/product"}],"about":[{"href":"https:\/\/ecodom.md\/ro\/wp-json\/wp\/v2\/types\/product"}],"replies":[{"embeddable":true,"href":"https:\/\/ecodom.md\/ro\/wp-json\/wp\/v2\/comments?post=11558"}],"wp:featuredmedia":[{"embeddable":true,"href":"https:\/\/ecodom.md\/ro\/wp-json\/wp\/v2\/media\/11551"}],"wp:attachment":[{"href":"https:\/\/ecodom.md\/ro\/wp-json\/wp\/v2\/media?parent=11558"}],"wp:term":[{"taxonomy":"product_brand","embeddable":true,"href":"https:\/\/ecodom.md\/ro\/wp-json\/wp\/v2\/product_brand?post=11558"},{"taxonomy":"product_cat","embeddable":true,"href":"https:\/\/ecodom.md\/ro\/wp-json\/wp\/v2\/product_cat?post=11558"},{"taxonomy":"product_tag","embeddable":true,"href":"https:\/\/ecodom.md\/ro\/wp-json\/wp\/v2\/product_tag?post=11558"}],"curies":[{"name":"wp","href":"https:\/\/api.w.org\/{rel}","templated":true}]}}