{"id":11522,"date":"2025-06-27T11:27:59","date_gmt":"2025-06-27T09:27:59","guid":{"rendered":"https:\/\/ecodom.md\/?post_type=product&#038;p=11522"},"modified":"2025-06-27T11:33:57","modified_gmt":"2025-06-27T09:33:57","slug":"sistem-de-alimentare-solara-tp-link","status":"publish","type":"product","link":"https:\/\/ecodom.md\/ro\/cat\/sistem-de-alimentare-solara-tp-link\/","title":{"rendered":"Sistem de alimentare solar\u0103 TP-Link"},"content":{"rendered":"<p><strong>Sistemul de alimentare solar\u0103 TP-Link<\/strong> &#8211; este o solu\u021bie ecologic\u0103 \u0219i fiabil\u0103 pentru alimentarea independent\u0103 a camerelor de supraveghere exterioare. Panoul solar asigur\u0103 func\u021bionarea continu\u0103 chiar \u0219i \u00een loca\u021bii f\u0103r\u0103 acces la electricitate.<\/p>\n<p>&nbsp;<\/p>\n<p><strong>\ud83d\udccc Caracteristici principale:<\/strong><br \/>\n<em>\u2022 Tip:<\/em> sistem de alimentare pentru camere<br \/>\n<em>\u2022 Clas\u0103 protec\u021bie:<\/em> IP66 \u2014 rezistent la ap\u0103 \u0219i praf<br \/>\n<em>\u2022 Temperatur\u0103 de operare:<\/em> \u00eentre -30 \u0219i +60 \u00b0C<br \/>\n<em>\u2022 Unghi reglabil:<\/em> 5\u00b0, 15\u00b0, 25\u00b0, 35\u00b0, 45\u00b0, 55\u00b0<br \/>\n<em>\u2022 Culoare:<\/em> alb<\/p>\n<p><strong>\ud83c\udf10 Re\u021bea:<\/strong> Ethernet 10\/100 Mbps<\/p>\n<p><strong>\ud83e\udde9 Dimensiuni:<\/strong> 690 \u00d7 516 \u00d7 30 mm<\/p>\n<p><em>Sistemul este ideal pentru a alimenta camerele de exterior \u00een mod autonom, reduc\u00e2nd costurile cu energia \u0219i sporind flexibilitatea instal\u0103rii.<\/em><\/p>\n","protected":false},"excerpt":{"rendered":"<p><strong>Sistemul de alimentare solar\u0103 TP-Link<\/strong> &#8211; este o solu\u021bie ecologic\u0103 \u0219i fiabil\u0103 pentru alimentarea independent\u0103 a camerelor de supraveghere exterioare. Panoul solar asigur\u0103 func\u021bionarea continu\u0103 chiar \u0219i \u00een loca\u021bii f\u0103r\u0103 acces la electricitate.<\/p>\n","protected":false},"featured_media":11515,"comment_status":"closed","ping_status":"closed","template":"","meta":[],"product_brand":[1325],"product_cat":[179,515],"product_tag":[1504,1503,1501,1502],"class_list":{"0":"post-11522","1":"product","2":"type-product","3":"status-publish","4":"has-post-thumbnail","6":"product_brand-tp-link","7":"product_cat-casa-inteligenta","8":"product_cat-ups-putere-de-rezerva","9":"product_tag-alimentare-camere","10":"product_tag-alimentare-independenta","11":"product_tag-panou-solar","12":"product_tag-sistem-alimentare","14":"first","15":"instock","16":"shipping-taxable","17":"purchasable","18":"product-type-simple"},"aioseo_notices":[],"_links":{"self":[{"href":"https:\/\/ecodom.md\/ro\/wp-json\/wp\/v2\/product\/11522","targetHints":{"allow":["GET"]}}],"collection":[{"href":"https:\/\/ecodom.md\/ro\/wp-json\/wp\/v2\/product"}],"about":[{"href":"https:\/\/ecodom.md\/ro\/wp-json\/wp\/v2\/types\/product"}],"replies":[{"embeddable":true,"href":"https:\/\/ecodom.md\/ro\/wp-json\/wp\/v2\/comments?post=11522"}],"wp:featuredmedia":[{"embeddable":true,"href":"https:\/\/ecodom.md\/ro\/wp-json\/wp\/v2\/media\/11515"}],"wp:attachment":[{"href":"https:\/\/ecodom.md\/ro\/wp-json\/wp\/v2\/media?parent=11522"}],"wp:term":[{"taxonomy":"product_brand","embeddable":true,"href":"https:\/\/ecodom.md\/ro\/wp-json\/wp\/v2\/product_brand?post=11522"},{"taxonomy":"product_cat","embeddable":true,"href":"https:\/\/ecodom.md\/ro\/wp-json\/wp\/v2\/product_cat?post=11522"},{"taxonomy":"product_tag","embeddable":true,"href":"https:\/\/ecodom.md\/ro\/wp-json\/wp\/v2\/product_tag?post=11522"}],"curies":[{"name":"wp","href":"https:\/\/api.w.org\/{rel}","templated":true}]}}