{"id":11504,"date":"2025-06-27T10:13:13","date_gmt":"2025-06-27T08:13:13","guid":{"rendered":"https:\/\/ecodom.md\/?post_type=product&#038;p=11504"},"modified":"2025-06-27T10:27:32","modified_gmt":"2025-06-27T08:27:32","slug":"camera-de-supraveghere-de-exterior-tp-link-cu-rotatie-panoramica-si-inclinare-2","status":"publish","type":"product","link":"https:\/\/ecodom.md\/ro\/cat\/camera-de-supraveghere-de-exterior-tp-link-cu-rotatie-panoramica-si-inclinare-2\/","title":{"rendered":"Camer\u0103 de supraveghere de exterior TP-Link cu rota\u021bie panoramic\u0103 \u0219i \u00eenclinare"},"content":{"rendered":"<p><strong>Camer\u0103 de supraveghere de exterior TP-Link cu rota\u021bie panoramic\u0103 \u0219i \u00eenclinare<\/strong> &#8211; este gardianul t\u0103u digital de \u00eencredere, gata s\u0103 te protejeze zi \u0219i noapte. Creat\u0103 pentru supraveghere exterioar\u0103, ofer\u0103 calitate video superioar\u0103, func\u021bionalitate inteligent\u0103 \u0219i control complet.<\/p>\n<p>&nbsp;<\/p>\n<p><strong>\ud83d\udccc Caracteristici esen\u021biale:<\/strong><\/p>\n<p><em>Tip:<\/em> Securitate inteligent\u0103<br \/>\n<em>Certificare:<\/em> IP66 \u2014 rezistent\u0103 la intemperii \u0219i praf<br \/>\n<em>Temperatur\u0103 de operare:<\/em> \u00eentre -30 \u0219i +60\u00b0C<br \/>\n<em>Rota\u021bie\/\u00eenclinare:<\/em> 348\u00b0 orizontal \u0219i 105\u00b0 vertical \u2014 acoperire aproape complet\u0103<br \/>\n<strong>\ud83d\udcf7 Camera:<\/strong><\/p>\n<p><em>Rezolu\u021bie video:<\/em> 2688&#215;1520 \u2014 detalii clare, imagine precis\u0103<br \/>\n<em>Senzor:<\/em> 1\/1.79&#8243; \u2014 sensibilitate ridicat\u0103 la lumin\u0103<br \/>\n<em>Distan\u021b\u0103 focal\u0103:<\/em> 4 mm<br \/>\n<em>Vedere pe timp de noapte:<\/em> tehnologie ColorPro \u2014 imagine color chiar \u0219i \u00een \u00eentuneric<br \/>\n<strong>\ud83c\udf9e Format video:<\/strong> H.265 \u2014 eficient \u0219i clar<\/p>\n<p>&nbsp;<\/p>\n<p><strong>\ud83d\udd0a Audio:<\/strong> comunicare bidirec\u021bional\u0103 \u2014 ascult\u0103 \u0219i vorbe\u0219te<\/p>\n<p>&nbsp;<\/p>\n<p><strong>\ud83d\udcbe Stocare:<\/strong> suport\u0103 card microSD p\u00e2n\u0103 la 256 GB<\/p>\n<p>&nbsp;<\/p>\n<p><strong>\ud83c\udf10 Re\u021bea:<\/strong> port RJ-45, protocoale multiple, suport ONVIF<\/p>\n<p>&nbsp;<\/p>\n<p><strong>\ud83e\udde9 Dimensiuni:<\/strong> 120 \u00d7 172 \u00d7 203 mm<\/p>\n<p>&nbsp;<\/p>\n<p><em>Este alegerea perfect\u0103 pentru monitorizarea casei, biroului sau cur\u021bii, oferind imagine color de \u00eenalt\u0103 calitate chiar \u0219i \u00een \u00eentuneric total.<\/em><\/p>\n","protected":false},"excerpt":{"rendered":"<p><strong>Camer\u0103 de supraveghere de exterior TP-Link cu rota\u021bie panoramic\u0103 \u0219i \u00eenclinare<\/strong> &#8211; este gardianul t\u0103u digital de \u00eencredere, gata s\u0103 te protejeze zi \u0219i noapte. Creat\u0103 pentru supraveghere exterioar\u0103, ofer\u0103 calitate video superioar\u0103, func\u021bionalitate inteligent\u0103 \u0219i control complet.<\/p>\n","protected":false},"featured_media":11502,"comment_status":"closed","ping_status":"closed","template":"","meta":[],"product_brand":[1325],"product_cat":[179,513,511],"product_tag":[1479,1247,1249,611,1494],"class_list":{"0":"post-11504","1":"product","2":"type-product","3":"status-publish","4":"has-post-thumbnail","6":"product_brand-tp-link","7":"product_cat-casa-inteligenta","8":"product_cat-monitorizare-video","9":"product_cat-securitate","10":"product_tag-camera-exterior","11":"product_tag-camera-inteligenta","12":"product_tag-camera-ip","13":"product_tag-supraveghere-video","14":"product_tag-tp_link-2","16":"first","17":"instock","18":"shipping-taxable","19":"purchasable","20":"product-type-simple"},"aioseo_notices":[],"_links":{"self":[{"href":"https:\/\/ecodom.md\/ro\/wp-json\/wp\/v2\/product\/11504","targetHints":{"allow":["GET"]}}],"collection":[{"href":"https:\/\/ecodom.md\/ro\/wp-json\/wp\/v2\/product"}],"about":[{"href":"https:\/\/ecodom.md\/ro\/wp-json\/wp\/v2\/types\/product"}],"replies":[{"embeddable":true,"href":"https:\/\/ecodom.md\/ro\/wp-json\/wp\/v2\/comments?post=11504"}],"wp:featuredmedia":[{"embeddable":true,"href":"https:\/\/ecodom.md\/ro\/wp-json\/wp\/v2\/media\/11502"}],"wp:attachment":[{"href":"https:\/\/ecodom.md\/ro\/wp-json\/wp\/v2\/media?parent=11504"}],"wp:term":[{"taxonomy":"product_brand","embeddable":true,"href":"https:\/\/ecodom.md\/ro\/wp-json\/wp\/v2\/product_brand?post=11504"},{"taxonomy":"product_cat","embeddable":true,"href":"https:\/\/ecodom.md\/ro\/wp-json\/wp\/v2\/product_cat?post=11504"},{"taxonomy":"product_tag","embeddable":true,"href":"https:\/\/ecodom.md\/ro\/wp-json\/wp\/v2\/product_tag?post=11504"}],"curies":[{"name":"wp","href":"https:\/\/api.w.org\/{rel}","templated":true}]}}