{"id":11467,"date":"2025-06-26T11:39:52","date_gmt":"2025-06-26T09:39:52","guid":{"rendered":"https:\/\/ecodom.md\/?post_type=product&#038;p=11467"},"modified":"2025-06-26T11:46:36","modified_gmt":"2025-06-26T09:46:36","slug":"camera-de-retea-dome-pentru-exterior-tp-link","status":"publish","type":"product","link":"https:\/\/ecodom.md\/ro\/cat\/camera-de-retea-dome-pentru-exterior-tp-link\/","title":{"rendered":"Camer\u0103 de re\u021bea dome pentru exterior TP-Link"},"content":{"rendered":"<p><strong>TP-Link VIGI C230I<\/strong> &#8211; este o camer\u0103 IP pentru exterior, cu protec\u021bie IP67 \u0219i IK10, destinat\u0103 supravegherii video 24\/7 \u00een spa\u021bii exterioare. Camera func\u021bioneaz\u0103 \u00eentr-un interval larg de temperatur\u0103, de la -30\u00b0C p\u00e2n\u0103 la +60\u00b0C, fiind o solu\u021bie fiabil\u0103 pentru diferite condi\u021bii climatice. Ofer\u0103 o vizibilitate panoramic\u0103, cu rota\u021bie orizontal\u0103 de 355\u00b0 \u0219i \u00eenclinare p\u00e2n\u0103 la 75\u00b0, permi\u021b\u00e2nd monitorizarea unor zone extinse f\u0103r\u0103 unghiuri moarte.<\/p>\n<p><em>Rezolu\u021bia video este de<\/em> 2304\u00d71296 pixeli (~3 MP), iar senzorul 1\/2.8\u201d asigur\u0103 imagini clare \u0219i detaliate.<br \/>\nDiafragma f\/2.2 \u0219i distan\u021ba focal\u0103 de 2,8 mm ofer\u0103 un unghi larg de vizualizare.<\/p>\n<p><em>Pentru supravegherea nocturn\u0103<\/em>, camera este echipat\u0103 cu filtru IR \u0219i iluminare p\u00e2n\u0103 la 30 metri, asigur\u00e2nd imagini de calitate chiar \u0219i \u00een \u00eentuneric.<\/p>\n<p><em>Camera suport\u0103 formatele moderne de compresie video<\/em> H.265+\/H.265\/H.264+\/H.264, reduc\u00e2nd \u00eenc\u0103rc\u0103tura re\u021belei \u0219i economisind spa\u021biu de stocare.<\/p>\n<p><em>Conectivitatea se realizeaz\u0103 prin Ethernet<\/em> 10\/100 Mbps, iar alimentarea se poate face prin PoE (802.3af\/at, clasa 0), simplific\u00e2nd instalarea \u0219i reduc\u00e2nd cablurile.<\/p>\n<p><em>Pentru securitate<\/em>, camera dispune de protec\u021bie prin parol\u0103, criptare HTTPS, filtrare a adreselor IP \u0219i autentificare Digest.<\/p>\n<p><em>Compatibilitatea cu ONVIF<\/em> faciliteaz\u0103 integrarea \u00een sistemele de supraveghere.<\/p>\n<p><em>Dimensiunile compacte<\/em> de 115 \u00d7 115 \u00d7 86 mm permit instalarea u\u0219oar\u0103 pe pere\u021bi, tavane sau alte suprafe\u021be.<\/p>\n","protected":false},"excerpt":{"rendered":"<p><strong>TP-Link VIGI C230I<\/strong> &#8211; este o camer\u0103 IP pentru exterior, cu protec\u021bie IP67 \u0219i IK10, destinat\u0103 supravegherii video 24\/7 \u00een spa\u021bii exterioare. Camera func\u021bioneaz\u0103 \u00eentr-un interval larg de temperatur\u0103, de la -30\u00b0C p\u00e2n\u0103 la +60\u00b0C, fiind o solu\u021bie fiabil\u0103 pentru diferite condi\u021bii climatice. Ofer\u0103 o vizibilitate panoramic\u0103, cu rota\u021bie orizontal\u0103 de 355\u00b0 \u0219i \u00eenclinare p\u00e2n\u0103 la 75\u00b0, permi\u021b\u00e2nd monitorizarea unor zone extinse f\u0103r\u0103 unghiuri moarte.<\/p>\n","protected":false},"featured_media":11464,"comment_status":"closed","ping_status":"closed","template":"","meta":[],"product_brand":[1325],"product_cat":[179,513,511],"product_tag":[1488,1484,611,1480],"class_list":{"0":"post-11467","1":"product","2":"type-product","3":"status-publish","4":"has-post-thumbnail","6":"product_brand-tp-link","7":"product_cat-casa-inteligenta","8":"product_cat-monitorizare-video","9":"product_cat-securitate","10":"product_tag-camera-cu-rotire","11":"product_tag-camera-ip-pentru-exterior","12":"product_tag-supraveghere-video","13":"product_tag-vedere-nocturna","15":"first","16":"instock","17":"shipping-taxable","18":"purchasable","19":"product-type-simple"},"aioseo_notices":[],"_links":{"self":[{"href":"https:\/\/ecodom.md\/ro\/wp-json\/wp\/v2\/product\/11467","targetHints":{"allow":["GET"]}}],"collection":[{"href":"https:\/\/ecodom.md\/ro\/wp-json\/wp\/v2\/product"}],"about":[{"href":"https:\/\/ecodom.md\/ro\/wp-json\/wp\/v2\/types\/product"}],"replies":[{"embeddable":true,"href":"https:\/\/ecodom.md\/ro\/wp-json\/wp\/v2\/comments?post=11467"}],"wp:featuredmedia":[{"embeddable":true,"href":"https:\/\/ecodom.md\/ro\/wp-json\/wp\/v2\/media\/11464"}],"wp:attachment":[{"href":"https:\/\/ecodom.md\/ro\/wp-json\/wp\/v2\/media?parent=11467"}],"wp:term":[{"taxonomy":"product_brand","embeddable":true,"href":"https:\/\/ecodom.md\/ro\/wp-json\/wp\/v2\/product_brand?post=11467"},{"taxonomy":"product_cat","embeddable":true,"href":"https:\/\/ecodom.md\/ro\/wp-json\/wp\/v2\/product_cat?post=11467"},{"taxonomy":"product_tag","embeddable":true,"href":"https:\/\/ecodom.md\/ro\/wp-json\/wp\/v2\/product_tag?post=11467"}],"curies":[{"name":"wp","href":"https:\/\/api.w.org\/{rel}","templated":true}]}}