{"id":11465,"date":"2025-06-26T11:24:48","date_gmt":"2025-06-26T09:24:48","guid":{"rendered":"https:\/\/ecodom.md\/?post_type=product&#038;p=11465"},"modified":"2025-06-26T11:30:55","modified_gmt":"2025-06-26T09:30:55","slug":"camera-de-retea-pentru-exterior-tp-link-2","status":"publish","type":"product","link":"https:\/\/ecodom.md\/ro\/cat\/camera-de-retea-pentru-exterior-tp-link-2\/","title":{"rendered":"Camer\u0103 de re\u021bea pentru exterior TP-Link"},"content":{"rendered":"<p><strong>TP-Link VIGI C230<\/strong> &#8211; este o camer\u0103 IP pentru exterior, cu protec\u021bie IP67 \u0219i IK10, destinat\u0103 supravegherii video 24\/7 \u00een spa\u021biile exterioare. Camera poate func\u021biona \u00een condi\u021bii de temperatur\u0103 de la -30\u00b0C p\u00e2n\u0103 la +60\u00b0C, fiind astfel potrivit\u0103 pentru o gam\u0103 larg\u0103 de medii climatice.<\/p>\n<p><em>Ofer\u0103 o vizibilitate panoramic\u0103 complet\u0103<\/em>, cu rota\u021bie orizontal\u0103 de 360\u00b0, \u00eenclinare de p\u00e2n\u0103 la 85\u00b0 \u0219i rotire a carcasei de 360\u00b0, permi\u021b\u00e2nd reglarea flexibil\u0103 a zonei de supraveghere.<\/p>\n<p><em>Rezolu\u021bia video este de<\/em> 2304 \u00d7 1296 pixeli (~3 MP), iar senzorul 1\/2.8\u201d asigur\u0103 imagini clare \u0219i detaliate.<\/p>\n<p><em>Diafragma<\/em> f\/2.2 \u0219i distan\u021ba focal\u0103 de 2,8 mm ofer\u0103 un unghi larg de vizualizare pentru o monitorizarea eficient\u0103 a zonei.<\/p>\n<p><em>Pentru supravegherea pe timp de noapte<\/em>, camera este echipat\u0103 cu iluminare infraro\u0219ie de 850 nm, cu o raz\u0103 de ac\u021biune de p\u00e2n\u0103 la 30 metri, asigur\u00e2nd imagini clare chiar \u0219i \u00een \u00eentuneric complet.<\/p>\n<p><em>Camera suport\u0103 formatele moderne de compresie video<\/em> H.265+\/H.265\/H.264+\/H.264, reduc\u00e2nd \u00eenc\u0103rc\u0103tura re\u021belei \u0219i economisind spa\u021biu de stocare.<\/p>\n<p><em>Microfonul<\/em> \u00eencorporat permite \u00eenregistrarea audio.<\/p>\n<p><em>Conectivitatea la re\u021bea se realizeaz\u0103 prin<\/em> Ethernet 10\/100 Mbps.<\/p>\n<p><em>Camera este protejat\u0103 prin parol\u0103<\/em>, suport\u0103 criptarea HTTPS, filtrarea adreselor IP \u0219i autentificarea Digest.<\/p>\n<p><em>Este compatibil\u0103 cu standardul ONVIF<\/em> pentru integrarea \u00een sistemele de supraveghere.<\/p>\n<p><em>Dimensiunile<\/em> compacte de 115 \u00d7 115 \u00d7 86 mm faciliteaz\u0103 instalarea pe pere\u021bi sau tavane.<\/p>\n","protected":false},"excerpt":{"rendered":"<p><strong>TP-Link VIGI C230<\/strong> &#8211; este o camer\u0103 IP pentru exterior, cu protec\u021bie IP67 \u0219i IK10, destinat\u0103 supravegherii video 24\/7 \u00een spa\u021biile exterioare. Camera poate func\u021biona \u00een condi\u021bii de temperatur\u0103 de la -30\u00b0C p\u00e2n\u0103 la +60\u00b0C, fiind astfel potrivit\u0103 pentru o gam\u0103 larg\u0103 de medii climatice.<\/p>\n","protected":false},"featured_media":11464,"comment_status":"closed","ping_status":"closed","template":"","meta":[],"product_brand":[1325],"product_cat":[179,513,511],"product_tag":[1484,1487,611,1480,1486],"class_list":{"0":"post-11465","1":"product","2":"type-product","3":"status-publish","4":"has-post-thumbnail","6":"product_brand-tp-link","7":"product_cat-casa-inteligenta","8":"product_cat-monitorizare-video","9":"product_cat-securitate","10":"product_tag-camera-ip-pentru-exterior","11":"product_tag-microfon-incorporat","12":"product_tag-supraveghere-video","13":"product_tag-vedere-nocturna","14":"product_tag-vedere-panoramica","16":"first","17":"instock","18":"shipping-taxable","19":"purchasable","20":"product-type-simple"},"aioseo_notices":[],"_links":{"self":[{"href":"https:\/\/ecodom.md\/ro\/wp-json\/wp\/v2\/product\/11465","targetHints":{"allow":["GET"]}}],"collection":[{"href":"https:\/\/ecodom.md\/ro\/wp-json\/wp\/v2\/product"}],"about":[{"href":"https:\/\/ecodom.md\/ro\/wp-json\/wp\/v2\/types\/product"}],"replies":[{"embeddable":true,"href":"https:\/\/ecodom.md\/ro\/wp-json\/wp\/v2\/comments?post=11465"}],"wp:featuredmedia":[{"embeddable":true,"href":"https:\/\/ecodom.md\/ro\/wp-json\/wp\/v2\/media\/11464"}],"wp:attachment":[{"href":"https:\/\/ecodom.md\/ro\/wp-json\/wp\/v2\/media?parent=11465"}],"wp:term":[{"taxonomy":"product_brand","embeddable":true,"href":"https:\/\/ecodom.md\/ro\/wp-json\/wp\/v2\/product_brand?post=11465"},{"taxonomy":"product_cat","embeddable":true,"href":"https:\/\/ecodom.md\/ro\/wp-json\/wp\/v2\/product_cat?post=11465"},{"taxonomy":"product_tag","embeddable":true,"href":"https:\/\/ecodom.md\/ro\/wp-json\/wp\/v2\/product_tag?post=11465"}],"curies":[{"name":"wp","href":"https:\/\/api.w.org\/{rel}","templated":true}]}}