{"id":11324,"date":"2025-06-21T21:54:45","date_gmt":"2025-06-21T19:54:45","guid":{"rendered":"https:\/\/ecodom.md\/?post_type=product&#038;p=11324"},"modified":"2025-06-21T22:00:11","modified_gmt":"2025-06-21T20:00:11","slug":"tp-link-vigi-videorecorder-de-retea-cu-4-canale-pana-la-8-mp","status":"publish","type":"product","link":"https:\/\/ecodom.md\/ro\/cat\/tp-link-vigi-videorecorder-de-retea-cu-4-canale-pana-la-8-mp\/","title":{"rendered":"TP-Link VIGI \u2014 Videorecorder de re\u021bea cu 4 canale (p\u00e2n\u0103 la 8 MP)"},"content":{"rendered":"<p><strong>\ud83c\udfa5 Video \u0219i imagine<\/strong><\/p>\n<p><em>Intrare video:<\/em> 4 canale IP cu suport pentru rezolu\u021bie de p\u00e2n\u0103 la 8 megapixeli<\/p>\n<p><em>Rezolu\u021bie de \u00eenregistrare:<\/em><\/p>\n<p>8MP \/ 5MP \/ 4MP \/ 3MP \/ 1080p \/ UXGA \/ 720p \/ VGA \/ 4CIF \/ DCIF \/ 2CIF \/ CIF \/ QCIF<\/p>\n<p><em>Rezolu\u021bie pentru vizualizare live \u0219i redare:<\/em><\/p>\n<p>acelea\u0219i ca \u0219i la \u00eenregistrare \u2014 p\u00e2n\u0103 la 8MP<\/p>\n<p><em>Formate de decodare:<\/em> H.265+\/H.265, H.264+\/H.264<\/p>\n<p><em>Redare sincron\u0103:<\/em> p\u00e2n\u0103 la 4 canale simultan<\/p>\n<p><em>Capacitate de procesare video:<\/em><\/p>\n<p>2 canale la 8MP<\/p>\n<p>4 canale la 4MP<\/p>\n<p>&nbsp;<\/p>\n<p><strong>\ud83d\udcbe Stocare date<\/strong><\/p>\n<p><em>Mediu de stocare:<\/em> 1 x HDD SATA (p\u00e2n\u0103 la 10 TB)<\/p>\n<p>&nbsp;<\/p>\n<p><strong>\ud83c\udf10 Func\u021bii de re\u021bea<\/strong><\/p>\n<p><em>Interfa\u021b\u0103 de re\u021bea:<\/em> 1 x RJ45 (10\/100 Mbps)<\/p>\n<p><em>Protocoale:<\/em> TCP\/IP, DHCP, DNS, NTP, UPnP<\/p>\n<p><em>Compatibilitate API:<\/em> ONVIF \u2014 suport pentru majoritatea camerelor IP<\/p>\n<p>&nbsp;<\/p>\n<p><strong>\ud83d\udd0c Alimentare \u0219i construc\u021bie<\/strong><\/p>\n<p><em>Adaptor de alimentare:<\/em> Inclus<\/p>\n<p><em>Temperatur\u0103 de func\u021bionare:<\/em> de la -10 \u00b0C p\u00e2n\u0103 la +55 \u00b0C<\/p>\n<p><em>Dimensiuni:<\/em> 246.2 \u00d7 148.2 \u00d7 45 mm<\/p>\n<p>&nbsp;<\/p>\n<p><strong>\u2705 Avantaje<\/strong><\/p>\n<p>NVR compact \u0219i puternic cu 4 canale<\/p>\n<p>Suport pentru rezolu\u021bie \u00eenalt\u0103 p\u00e2n\u0103 la 8MP<\/p>\n<p>Algoritmi moderni de compresie pentru economisirea spa\u021biului<\/p>\n<p>Integrare u\u0219oar\u0103 cu sistemele IP existente<\/p>\n<p>Ideal pentru supravegherea birourilor mici, locuin\u021belor \u0219i magazinelor<\/p>\n","protected":false},"excerpt":{"rendered":"<p><em>Videorecorder compact cu 4 canale TP-Link VIGI, suport pentru p\u00e2n\u0103 la 8MP \u0219i codecuri moderne H.265+.<\/em><\/p>\n<p><em>Ideal pentru cas\u0103, birou \u0219i afaceri mici, cu capacitate de \u00eenregistrare p\u00e2n\u0103 la 10 TB.<\/em><\/p>\n","protected":false},"featured_media":11317,"comment_status":"closed","ping_status":"closed","template":"","meta":[],"product_brand":[1325],"product_cat":[179,513],"product_tag":[604,1413,1410,1411],"class_list":{"0":"post-11324","1":"product","2":"type-product","3":"status-publish","4":"has-post-thumbnail","6":"product_brand-tp-link","7":"product_cat-casa-inteligenta","8":"product_cat-monitorizare-video","9":"product_tag-securitate","10":"product_tag-sistem-de-supraveghere","11":"product_tag-tp-link-2","12":"product_tag-videorecorder","14":"first","15":"instock","16":"shipping-taxable","17":"purchasable","18":"product-type-simple"},"aioseo_notices":[],"_links":{"self":[{"href":"https:\/\/ecodom.md\/ro\/wp-json\/wp\/v2\/product\/11324","targetHints":{"allow":["GET"]}}],"collection":[{"href":"https:\/\/ecodom.md\/ro\/wp-json\/wp\/v2\/product"}],"about":[{"href":"https:\/\/ecodom.md\/ro\/wp-json\/wp\/v2\/types\/product"}],"replies":[{"embeddable":true,"href":"https:\/\/ecodom.md\/ro\/wp-json\/wp\/v2\/comments?post=11324"}],"wp:featuredmedia":[{"embeddable":true,"href":"https:\/\/ecodom.md\/ro\/wp-json\/wp\/v2\/media\/11317"}],"wp:attachment":[{"href":"https:\/\/ecodom.md\/ro\/wp-json\/wp\/v2\/media?parent=11324"}],"wp:term":[{"taxonomy":"product_brand","embeddable":true,"href":"https:\/\/ecodom.md\/ro\/wp-json\/wp\/v2\/product_brand?post=11324"},{"taxonomy":"product_cat","embeddable":true,"href":"https:\/\/ecodom.md\/ro\/wp-json\/wp\/v2\/product_cat?post=11324"},{"taxonomy":"product_tag","embeddable":true,"href":"https:\/\/ecodom.md\/ro\/wp-json\/wp\/v2\/product_tag?post=11324"}],"curies":[{"name":"wp","href":"https:\/\/api.w.org\/{rel}","templated":true}]}}