{"id":11273,"date":"2024-02-27T11:36:29","date_gmt":"2024-02-27T09:36:29","guid":{"rendered":"https:\/\/ecodom.md\/?post_type=product&#038;p=11273"},"modified":"2025-06-19T20:14:05","modified_gmt":"2025-06-19T18:14:05","slug":"lampa-de-birou-led-cu-baterie-incorporata","status":"publish","type":"product","link":"https:\/\/ecodom.md\/ro\/cat\/lampa-de-birou-led-cu-baterie-incorporata\/","title":{"rendered":"Lamp\u0103 de birou LED cu baterie \u00eencorporat\u0103."},"content":{"rendered":"<p><strong> Specifica\u021bii:<\/strong><\/p>\n<p><em>Locul de origine:<\/em> China<br \/>\n<em>Sursa de lumin\u0103:<\/em> LED<br \/>\n<em>Mod de control:<\/em> prin aplica\u021bie, tactil<br \/>\n<em>Model:<\/em> WL-SAL-09<br \/>\n<em>Temperatur\u0103 de culoare:<\/em> RGB + CCT<br \/>\n<em>Tensiune de intrare:<\/em> USB 5V\/2A<br \/>\n<em>Eficien\u021ba luminoas\u0103 (lm\/W):<\/em> 80<br \/>\n<em>Flux luminos (lm):<\/em> 300<br \/>\n<em>Temperatur\u0103 de lucru (\u2103):<\/em> 20 &#8211; 40<br \/>\n<em>Indice de redare a culorii (Ra):<\/em> 80<br \/>\n<em>Certific\u0103ri:<\/em> EMC, RoHS, CE, FCC<br \/>\n<em>Suport pentru dimmer:<\/em> Da<br \/>\n<em>Durata de via\u021b\u0103 (ore):<\/em> 30.000<br \/>\n<em>Dimensiuni ambalaj:<\/em> 125 x 125 x 215 mm<br \/>\n<em>Dimensiuni produs:<\/em> 195 x 100 x 100 mm<br \/>\n<em>Greutate produs (kg):<\/em> 0,8<br \/>\n<em>Culoare:<\/em> alb<br \/>\n<em>Putere:<\/em> 10 W<br \/>\n<em>Locul de origine:<\/em> China<br \/>\n<em>Sursa de lumin\u0103:<\/em> LED<br \/>\n<em>Mod de control:<\/em> prin aplica\u021bie, tactil<br \/>\n<em>Model:<\/em> WL-SAL-09<br \/>\n<em>Temperatur\u0103 de culoare:<\/em> RGB + CCT<br \/>\n<em>Tensiune de intrare:<\/em> USB 5V\/2A<br \/>\n<em>Eficien\u021ba luminoas\u0103 (lm\/W):<\/em> 80<br \/>\n<em>Flux luminos (lm):<\/em> 300<br \/>\n<em>Temperatur\u0103 de lucru (\u2103):<\/em> 20 &#8211; 40<br \/>\n<em>Indice de redare a culorii (Ra):<\/em> 80<br \/>\n<em>Certific\u0103ri:<\/em> EMC, RoHS, CE, FCC<br \/>\n<em>Suport pentru dimmer:<\/em> Da<br \/>\n<em>Durata de via\u021b\u0103 (ore):<\/em> 30.000<br \/>\n<em>Dimensiuni ambalaj:<\/em> 125 x 125 x 215 mm<br \/>\n<em>Dimensiuni produs:<\/em> 195 x 100 x 100 mm<br \/>\n<em>Greutate produs (kg):<\/em> 0,8<br \/>\n<em>Putere:<\/em> 10 W<\/p>\n","protected":false},"excerpt":{"rendered":"<p><strong>Creeaz\u0103-\u021bi propria lamp\u0103 de birou. Efectele de lumin\u0103 sunt sub controlul t\u0103u.<\/strong><\/p>\n","protected":false},"featured_media":11275,"comment_status":"closed","ping_status":"closed","template":"","meta":[],"product_brand":[],"product_cat":[179,524],"product_tag":[280,663,285,671],"class_list":{"0":"post-11273","1":"product","2":"type-product","3":"status-publish","4":"has-post-thumbnail","6":"product_cat-casa-inteligenta","7":"product_cat-lampi-inteligente-si-iluminat","8":"product_tag-casa-inteligenta","9":"product_tag-lampa-inteligenta","10":"product_tag-lampa-led","11":"product_tag-casa-inteligenta-ro-2","13":"first","14":"instock","15":"shipping-taxable","16":"purchasable","17":"product-type-simple"},"aioseo_notices":[],"_links":{"self":[{"href":"https:\/\/ecodom.md\/ro\/wp-json\/wp\/v2\/product\/11273","targetHints":{"allow":["GET"]}}],"collection":[{"href":"https:\/\/ecodom.md\/ro\/wp-json\/wp\/v2\/product"}],"about":[{"href":"https:\/\/ecodom.md\/ro\/wp-json\/wp\/v2\/types\/product"}],"replies":[{"embeddable":true,"href":"https:\/\/ecodom.md\/ro\/wp-json\/wp\/v2\/comments?post=11273"}],"wp:featuredmedia":[{"embeddable":true,"href":"https:\/\/ecodom.md\/ro\/wp-json\/wp\/v2\/media\/11275"}],"wp:attachment":[{"href":"https:\/\/ecodom.md\/ro\/wp-json\/wp\/v2\/media?parent=11273"}],"wp:term":[{"taxonomy":"product_brand","embeddable":true,"href":"https:\/\/ecodom.md\/ro\/wp-json\/wp\/v2\/product_brand?post=11273"},{"taxonomy":"product_cat","embeddable":true,"href":"https:\/\/ecodom.md\/ro\/wp-json\/wp\/v2\/product_cat?post=11273"},{"taxonomy":"product_tag","embeddable":true,"href":"https:\/\/ecodom.md\/ro\/wp-json\/wp\/v2\/product_tag?post=11273"}],"curies":[{"name":"wp","href":"https:\/\/api.w.org\/{rel}","templated":true}]}}