{"id":11266,"date":"2024-02-27T11:51:42","date_gmt":"2024-02-27T09:51:42","guid":{"rendered":"https:\/\/ecodom.md\/?post_type=product&#038;p=11266"},"modified":"2025-06-19T20:03:40","modified_gmt":"2025-06-19T18:03:40","slug":"aspirator-robot-cu-functie-de-curatare-uscata-si-umeda","status":"publish","type":"product","link":"https:\/\/ecodom.md\/ro\/cat\/aspirator-robot-cu-functie-de-curatare-uscata-si-umeda\/","title":{"rendered":"Aspirator robot cu func\u021bie de cur\u0103\u021bare uscat\u0103 \u0219i umed\u0103"},"content":{"rendered":"<p><strong>Caracteristici:<\/strong><\/p>\n<ul>\n<li>Tip de planificare, cu mop, compatibil cu Tmall Genie, control prin aplica\u021bie mobil\u0103<\/li>\n<li>4 moduri de cur\u0103\u021bare, cip inteligent cu calcul sensibil<\/li>\n<li>Planificare inteligent\u0103, f\u0103r\u0103 col\u021buri omise<\/li>\n<li>Mop extra mare de 26 cm, practic \u0219i rapid, material din bumbac fibros, \u00eenchidere etan\u0219\u0103, f\u0103r\u0103 scurgeri \u2013 protejeaz\u0103 podeaua<\/li>\n<li>Presiune constant\u0103, plutire automat\u0103, cur\u0103\u021bare umed\u0103 \u0219i uscat\u0103<\/li>\n<li>Perie cu design dublu \u2013 colectare de praf pe ambele p\u0103r\u021bi, f\u0103r\u0103 cur\u0103\u021bare unilateral\u0103<\/li>\n<li>\u00cenc\u0103rcare: 4-5 ore, func\u021bioneaz\u0103 aproximativ 90 de minute<\/li>\n<li>Perie lateral\u0103 cu 8 \u201egheare\u201d, material din nailon<\/li>\n<li>Nivel de zgomot: 55 dB<\/li>\n<li>M\u0103turare, sp\u0103lare \u0219i aspirare<\/li>\n<li>Culori: negru-gri, alb filde\u0219<\/li>\n<li>Greutate (cutie + produs): 2,1 kg<\/li>\n<li>Recipient pentru praf: aprox. 350 ml<\/li>\n<li>Capacitate baterie: 2000 mAh<\/li>\n<li>Tensiune de operare: 3,7 V<\/li>\n<li>Timp de func\u021bionare: 60\u201390 minute<\/li>\n<li>Putere de aspira\u021bie: 2500 Pa<\/li>\n<li>Suprafa\u021b\u0103 de cur\u0103\u021bare: p\u00e2n\u0103 la 150 m\u00b2<\/li>\n<li>Re\u00eenc\u0103rcare automat\u0103<\/li>\n<li>Reluarea cur\u0103\u021b\u0103rii din punctul de oprire<\/li>\n<li>Compatibil cu Alexa \u0219i Google Assistant, func\u021bioneaz\u0103 doar pe Wi-Fi 2,4 GHz<\/li>\n<li>\u00centoarcere automat\u0103 la sta\u021bia de \u00eenc\u0103rcare, autonomie rapid\u0103<\/li>\n<li>Naviga\u021bie inteligent\u0103, mai multe moduri de cur\u0103\u021bare<\/li>\n<\/ul>\n","protected":false},"excerpt":{"rendered":"<p><strong>Aspiratorul robot inteligent<\/strong> ofer\u0103 cur\u0103\u021bare uscat\u0103 \u0219i umed\u0103 cu planificare precis\u0103, control prin aplica\u021bie \u0219i compatibilitate cu Alexa \u0219i Google Assistant. Cu o putere de aspira\u021bie de 2500 Pa \u0219i autonomie de p\u00e2n\u0103 la 90 de minute, este ideal pentru suprafe\u021be de p\u00e2n\u0103 la 150 m\u00b2.<\/p>\n","protected":false},"featured_media":11267,"comment_status":"closed","ping_status":"closed","template":"","meta":[],"product_brand":[1349],"product_cat":[179],"product_tag":[1384,1379,280,641],"class_list":{"0":"post-11266","1":"product","2":"type-product","3":"status-publish","4":"has-post-thumbnail","6":"product_brand-tuya","7":"product_cat-casa-inteligenta","8":"product_tag-aspirator-inteligent","9":"product_tag-aspirator-robot","10":"product_tag-casa-inteligenta","11":"product_tag-cumpara-sistem-inteligent-pentru-casa","13":"first","14":"instock","15":"shipping-taxable","16":"purchasable","17":"product-type-simple"},"aioseo_notices":[],"_links":{"self":[{"href":"https:\/\/ecodom.md\/ro\/wp-json\/wp\/v2\/product\/11266","targetHints":{"allow":["GET"]}}],"collection":[{"href":"https:\/\/ecodom.md\/ro\/wp-json\/wp\/v2\/product"}],"about":[{"href":"https:\/\/ecodom.md\/ro\/wp-json\/wp\/v2\/types\/product"}],"replies":[{"embeddable":true,"href":"https:\/\/ecodom.md\/ro\/wp-json\/wp\/v2\/comments?post=11266"}],"wp:featuredmedia":[{"embeddable":true,"href":"https:\/\/ecodom.md\/ro\/wp-json\/wp\/v2\/media\/11267"}],"wp:attachment":[{"href":"https:\/\/ecodom.md\/ro\/wp-json\/wp\/v2\/media?parent=11266"}],"wp:term":[{"taxonomy":"product_brand","embeddable":true,"href":"https:\/\/ecodom.md\/ro\/wp-json\/wp\/v2\/product_brand?post=11266"},{"taxonomy":"product_cat","embeddable":true,"href":"https:\/\/ecodom.md\/ro\/wp-json\/wp\/v2\/product_cat?post=11266"},{"taxonomy":"product_tag","embeddable":true,"href":"https:\/\/ecodom.md\/ro\/wp-json\/wp\/v2\/product_tag?post=11266"}],"curies":[{"name":"wp","href":"https:\/\/api.w.org\/{rel}","templated":true}]}}