{"id":11245,"date":"2024-02-27T11:52:24","date_gmt":"2024-02-27T09:52:24","guid":{"rendered":"https:\/\/ecodom.md\/?post_type=product&#038;p=11245"},"modified":"2025-06-19T15:26:56","modified_gmt":"2025-06-19T13:26:56","slug":"aspirator-robot-inteligent-smart-life-tuya-cu-control-de-la-distanta-prin-aplicatie","status":"publish","type":"product","link":"https:\/\/ecodom.md\/ro\/cat\/aspirator-robot-inteligent-smart-life-tuya-cu-control-de-la-distanta-prin-aplicatie\/","title":{"rendered":"Aspirator robot inteligent Smart Life Tuya cu control de la distan\u021b\u0103 prin aplica\u021bie"},"content":{"rendered":"<p><strong>Specifica\u021bii<\/strong>:<br \/>\n<em>Locul de origine:<\/em> China<br \/>\n<em>Func\u021bii:<\/em> \u0218tergere, m\u0103turare, aspirare<br \/>\n<em>Certificare:<\/em> Certificat European de Conformitate<br \/>\n<em>Putere:<\/em> &lt; 500 W<br \/>\n<em>Tensiune:<\/em> 8,4 V<br \/>\n<em>Surs\u0103 de alimentare:<\/em> Baterie<br \/>\n<em>Capacitatea recipientului de praf:<\/em> &lt; 0,5 L<br \/>\n<em>Putere de aspirare:<\/em> &gt; 2499 Pa<br \/>\n<em>Timp maxim de func\u021bionare:<\/em> 61\u201390 minute<br \/>\n<em>Cur\u0103\u021bare automat\u0103 a murd\u0103riei:<\/em> Nu<\/p>\n<p><strong>Caracteristici:<\/strong><\/p>\n<ul>\n<li>Aspirator robot Wi-Fi, controlabil prin aplica\u021bie.<\/li>\n<li>\u00cen\u0103l\u021bimea robotului este doar 2,87 inci (~7,3 cm), ceea ce \u00eei permite s\u0103 se strecoare sub canapea, pat, alte piese de mobilier greu accesibile.<\/li>\n<li>Men\u021bine casa curat\u0103 permanent, pentru un stil de via\u021b\u0103 s\u0103n\u0103tos \u0219i confortabil.<\/li>\n<li>Ideal pentru proprietarii de animale de companie \u2014 aspir\u0103 eficient p\u0103rul \u0219i blana, economisind timp \u0219i energie.<\/li>\n<li>Multiple moduri de cur\u0103\u021bare: cur\u0103\u021barea marginilor, cur\u0103\u021barea petelor, cur\u0103\u021bare \u00een form\u0103 de U. Poate fi echipat cu mop pentru \u0219tersul podelelor \u00een combina\u021bie cu m\u0103turarea \u0219i aspirarea.<\/li>\n<li>Senzori anti-c\u0103dere detecteaz\u0103 automat sc\u0103ri sau margini pentru a preveni accidentele. Senzorii avansa\u021bi cu infraro\u0219u asigur\u0103 siguran\u021b\u0103 \u00een contact cu obstacole.<\/li>\n<li>Func\u021bioneaz\u0103 pe diverse suprafe\u021be: gresie, marmur\u0103, lemn, parchet laminat, orice tip de podea dur\u0103.<\/li>\n<li>Poate cur\u0103\u021ba continuu p\u00e2n\u0103 la 90 de minute dup\u0103 o singur\u0103 \u00eenc\u0103rcare.<\/li>\n<\/ul>\n","protected":false},"excerpt":{"rendered":"<p><strong>Bucur\u0103-te de o via\u021b\u0103 mai bun\u0103 \u0219i s\u0103n\u0103toas\u0103 al\u0103turi de aspiratorul robot Tuya.<\/strong><br \/>\n&nbsp;<\/p>\n","protected":false},"featured_media":11247,"comment_status":"closed","ping_status":"closed","template":"","meta":[],"product_brand":[1349],"product_cat":[179],"product_tag":[1383,1379,1380,280,1381,1382],"class_list":{"0":"post-11245","1":"product","2":"type-product","3":"status-publish","4":"has-post-thumbnail","6":"product_brand-tuya","7":"product_cat-casa-inteligenta","8":"product_tag-aspirator-cu-aplicatie-mobila","9":"product_tag-aspirator-robot","10":"product_tag-aspirator-wi-fi","11":"product_tag-casa-inteligenta","12":"product_tag-curatare-casa","13":"product_tag-robot-de-curatenie","15":"first","16":"instock","17":"sale","18":"shipping-taxable","19":"purchasable","20":"product-type-simple"},"aioseo_notices":[],"_links":{"self":[{"href":"https:\/\/ecodom.md\/ro\/wp-json\/wp\/v2\/product\/11245","targetHints":{"allow":["GET"]}}],"collection":[{"href":"https:\/\/ecodom.md\/ro\/wp-json\/wp\/v2\/product"}],"about":[{"href":"https:\/\/ecodom.md\/ro\/wp-json\/wp\/v2\/types\/product"}],"replies":[{"embeddable":true,"href":"https:\/\/ecodom.md\/ro\/wp-json\/wp\/v2\/comments?post=11245"}],"wp:featuredmedia":[{"embeddable":true,"href":"https:\/\/ecodom.md\/ro\/wp-json\/wp\/v2\/media\/11247"}],"wp:attachment":[{"href":"https:\/\/ecodom.md\/ro\/wp-json\/wp\/v2\/media?parent=11245"}],"wp:term":[{"taxonomy":"product_brand","embeddable":true,"href":"https:\/\/ecodom.md\/ro\/wp-json\/wp\/v2\/product_brand?post=11245"},{"taxonomy":"product_cat","embeddable":true,"href":"https:\/\/ecodom.md\/ro\/wp-json\/wp\/v2\/product_cat?post=11245"},{"taxonomy":"product_tag","embeddable":true,"href":"https:\/\/ecodom.md\/ro\/wp-json\/wp\/v2\/product_tag?post=11245"}],"curies":[{"name":"wp","href":"https:\/\/api.w.org\/{rel}","templated":true}]}}