{"id":11187,"date":"2024-02-27T11:33:43","date_gmt":"2024-02-27T09:33:43","guid":{"rendered":"https:\/\/ecodom.md\/?post_type=product&#038;p=11187"},"modified":"2025-06-18T09:21:47","modified_gmt":"2025-06-18T07:21:47","slug":"detector-senzor-smart-de-prezenta-umana-tuya-cu-wi-fi","status":"publish","type":"product","link":"https:\/\/ecodom.md\/ro\/cat\/detector-senzor-smart-de-prezenta-umana-tuya-cu-wi-fi\/","title":{"rendered":"Detector (senzor) smart de prezen\u021b\u0103 uman\u0103 Tuya cu Wi-Fi"},"content":{"rendered":"<p><strong>Caracteristici:<\/strong><\/p>\n<p><em>Tehnologie wireless:<\/em> Wi-Fi<br \/>\n<em>Tensiune de func\u021bionare:<\/em> AC 80\u2013250V \/ op\u021bional USB 5V<br \/>\n<em>Curent de func\u021bionare:<\/em> \u2264 70 mA<br \/>\n<em>Temperatur\u0103 de func\u021bionare:<\/em> -20\u2103 ~ +70\u2103<br \/>\n<em>Sensibilitate:<\/em> 0\u20139 (implicit 7)<br \/>\n<em>Distan\u021b\u0103 de detec\u021bie:<\/em> 0,3\u20139 m (implicit 6 m)<br \/>\n<em>Timp de confirmare a detec\u021biei:<\/em> 0\u201310 sec<br \/>\n<em>Timp de \u00eent\u00e2rziere dup\u0103 dispari\u021bia \u021bintei:<\/em> 0,5 sec \u2013 25 min<br \/>\n<em>Montaj:<\/em> pe tavan\/perete<\/p>\n<p><strong>Avantaje:<\/strong><\/p>\n<ol>\n<li>Securitate pentru locuin\u021b\u0103: datorit\u0103 detect\u0103rii prezen\u021bei umane, poate fi utilizat pentru a identifica intru\u0219i \u00een locuin\u021ba personal\u0103, birouri, magazine sau chiar \u00een medii industriale.<\/li>\n<li>Eficien\u021b\u0103 energetic\u0103: detecteaz\u0103 at\u00e2t persoane \u00een mi\u0219care, c\u00e2t \u0219i persoane statice. Activeaz\u0103 automat iluminatul c\u00e2nd intri \u00een camer\u0103 \u0219i \u00eel dezactiveaz\u0103 c\u00e2nd pleci.<\/li>\n<li>Control de la distan\u021b\u0103: detecteaz\u0103 mi\u0219c\u0103ri micro \u0219i macro, permite monitorizarea prezen\u021bei la distan\u021be definite \u0219i trimite alerte \u00een timp real prin aplica\u021bie.<\/li>\n<li>Istoric de activitate: utilizatorul poate consulta istoricul \u00eenregistr\u0103rilor direct din aplica\u021bie.<\/li>\n<\/ol>\n","protected":false},"excerpt":{"rendered":"<p><strong>Senzorul de prezen\u021b\u0103 uman\u0103 utilizeaz\u0103 radar cu unde milimetrice pentru a detecta at\u00e2t mi\u0219carea, c\u00e2t \u0219i prezen\u021ba static\u0103 a unei persoane. Poate detecta chiar \u0219i cele mai fine mi\u0219c\u0103ri, inclusiv respira\u021bia.<\/strong><\/p>\n","protected":false},"featured_media":11188,"comment_status":"closed","ping_status":"closed","template":"","meta":[],"product_brand":[1349],"product_cat":[521,179],"product_tag":[280,641,583,671],"class_list":{"0":"post-11187","1":"product","2":"type-product","3":"status-publish","4":"has-post-thumbnail","6":"product_brand-tuya","7":"product_cat-senzori","8":"product_cat-casa-inteligenta","9":"product_tag-casa-inteligenta","10":"product_tag-cumpara-sistem-inteligent-pentru-casa","11":"product_tag-senzor-wi-fi","12":"product_tag-casa-inteligenta-ro-2","14":"first","15":"instock","16":"shipping-taxable","17":"purchasable","18":"product-type-simple"},"aioseo_notices":[],"_links":{"self":[{"href":"https:\/\/ecodom.md\/ro\/wp-json\/wp\/v2\/product\/11187","targetHints":{"allow":["GET"]}}],"collection":[{"href":"https:\/\/ecodom.md\/ro\/wp-json\/wp\/v2\/product"}],"about":[{"href":"https:\/\/ecodom.md\/ro\/wp-json\/wp\/v2\/types\/product"}],"replies":[{"embeddable":true,"href":"https:\/\/ecodom.md\/ro\/wp-json\/wp\/v2\/comments?post=11187"}],"wp:featuredmedia":[{"embeddable":true,"href":"https:\/\/ecodom.md\/ro\/wp-json\/wp\/v2\/media\/11188"}],"wp:attachment":[{"href":"https:\/\/ecodom.md\/ro\/wp-json\/wp\/v2\/media?parent=11187"}],"wp:term":[{"taxonomy":"product_brand","embeddable":true,"href":"https:\/\/ecodom.md\/ro\/wp-json\/wp\/v2\/product_brand?post=11187"},{"taxonomy":"product_cat","embeddable":true,"href":"https:\/\/ecodom.md\/ro\/wp-json\/wp\/v2\/product_cat?post=11187"},{"taxonomy":"product_tag","embeddable":true,"href":"https:\/\/ecodom.md\/ro\/wp-json\/wp\/v2\/product_tag?post=11187"}],"curies":[{"name":"wp","href":"https:\/\/api.w.org\/{rel}","templated":true}]}}