{"id":11164,"date":"2024-02-27T12:04:00","date_gmt":"2024-02-27T10:04:00","guid":{"rendered":"https:\/\/ecodom.md\/?post_type=product&#038;p=11164"},"modified":"2025-06-18T08:42:24","modified_gmt":"2025-06-18T06:42:24","slug":"senzor-wi-fi-tuya-4-in-1-temperatura-umiditate-luminozitate-ceas","status":"publish","type":"product","link":"https:\/\/ecodom.md\/ro\/cat\/senzor-wi-fi-tuya-4-in-1-temperatura-umiditate-luminozitate-ceas\/","title":{"rendered":"Senzor Wi-Fi Tuya 4 \u00een 1: temperatur\u0103, umiditate, luminozitate + ceas"},"content":{"rendered":"<p><strong>Caracteristici:<\/strong><\/p>\n<ul>\n<li>M\u0103surare temperatur\u0103, umiditate \u0219i intensitate luminoas\u0103<\/li>\n<li>Afi\u0219aj cu or\u0103 \u0219i calendar<\/li>\n<li>Func\u021bie de alarm\u0103<\/li>\n<li>Notific\u0103ri push pe telefonul mobil<\/li>\n<li>Surs\u0103 de alimentare: 2 x AA LR6 1,5V<\/li>\n<li>Standard de comunica\u021bie wireless: IEEE 802.11b\/g\/n<\/li>\n<li>Distan\u021b\u0103 Wi-Fi: p\u00e2n\u0103 la 40 m<\/li>\n<li>Curent \u00een modul standby: 15 \u03bcA<\/li>\n<li>Curent de func\u021bionare: 85 mA<\/li>\n<li>Durata de via\u021b\u0103 a bateriei: aproximativ 6 luni<\/li>\n<li>Frecven\u021b\u0103 wireless: 2,4 GHz<\/li>\n<li>Versiune Bluetooth: Bluetooth 5.0<\/li>\n<li>Ecran: ecran LCD HD reflectiv<\/li>\n<li>Gama intensit\u0103\u021bii luminoase: 0 ~ 9999 lux<\/li>\n<li>Interval de m\u0103surare a temperaturii: 0 ~ 50\u00b0C (32\u00b0F ~ 122\u00b0F)<\/li>\n<li>Interval de m\u0103surare a umidit\u0103\u021bii: 0 ~ 100% umiditate relativ\u0103 (f\u0103r\u0103 condens)<\/li>\n<li>Temperatur\u0103 de depozitare: -10\u00b0C ~ 60\u00b0C (14\u00b0F ~ 140\u00b0F)<\/li>\n<li>Umiditate de depozitare: 0 ~ 100% umiditate relativ\u0103 (f\u0103r\u0103 condens)<\/li>\n<li>Dimensiuni: 84 mm x 55 mm x 32 mm<\/li>\n<\/ul>\n","protected":false},"excerpt":{"rendered":"<p>Senzorul Wi-Fi Tuya 4 \u00een 1 m\u0103soar\u0103 temperatura, umiditatea, luminozitatea \u0219i afi\u0219eaz\u0103 ora \u0219i calendarul. Cu func\u021bie de alarm\u0103 \u0219i notific\u0103ri push, este ideal pentru monitorizarea confortului ambiental \u00een timp real.<\/p>\n","protected":false},"featured_media":11166,"comment_status":"closed","ping_status":"closed","template":"","meta":[],"product_brand":[1349],"product_cat":[521],"product_tag":[280,675,641,628,618,583],"class_list":{"0":"post-11164","1":"product","2":"type-product","3":"status-publish","4":"has-post-thumbnail","6":"product_brand-tuya","7":"product_cat-senzori","8":"product_tag-casa-inteligenta","9":"product_tag-casa-inteligenta-cumpara-in-moldova","10":"product_tag-cumpara-sistem-inteligent-pentru-casa","11":"product_tag-senzor-de-temperatura","12":"product_tag-senzor-de-umiditate","13":"product_tag-senzor-wi-fi","15":"first","16":"instock","17":"shipping-taxable","18":"purchasable","19":"product-type-simple"},"aioseo_notices":[],"_links":{"self":[{"href":"https:\/\/ecodom.md\/ro\/wp-json\/wp\/v2\/product\/11164","targetHints":{"allow":["GET"]}}],"collection":[{"href":"https:\/\/ecodom.md\/ro\/wp-json\/wp\/v2\/product"}],"about":[{"href":"https:\/\/ecodom.md\/ro\/wp-json\/wp\/v2\/types\/product"}],"replies":[{"embeddable":true,"href":"https:\/\/ecodom.md\/ro\/wp-json\/wp\/v2\/comments?post=11164"}],"wp:featuredmedia":[{"embeddable":true,"href":"https:\/\/ecodom.md\/ro\/wp-json\/wp\/v2\/media\/11166"}],"wp:attachment":[{"href":"https:\/\/ecodom.md\/ro\/wp-json\/wp\/v2\/media?parent=11164"}],"wp:term":[{"taxonomy":"product_brand","embeddable":true,"href":"https:\/\/ecodom.md\/ro\/wp-json\/wp\/v2\/product_brand?post=11164"},{"taxonomy":"product_cat","embeddable":true,"href":"https:\/\/ecodom.md\/ro\/wp-json\/wp\/v2\/product_cat?post=11164"},{"taxonomy":"product_tag","embeddable":true,"href":"https:\/\/ecodom.md\/ro\/wp-json\/wp\/v2\/product_tag?post=11164"}],"curies":[{"name":"wp","href":"https:\/\/api.w.org\/{rel}","templated":true}]}}