{"id":11101,"date":"2024-02-27T12:06:44","date_gmt":"2024-02-27T10:06:44","guid":{"rendered":"https:\/\/ecodom.md\/?post_type=product&#038;p=11101"},"modified":"2025-06-17T19:57:57","modified_gmt":"2025-06-17T17:57:57","slug":"senzor-wi-fi-tuya-air-box-pentru-masurarea-temperaturii-umiditatii-si-calitatii-aerului","status":"publish","type":"product","link":"https:\/\/ecodom.md\/ro\/cat\/senzor-wi-fi-tuya-air-box-pentru-masurarea-temperaturii-umiditatii-si-calitatii-aerului\/","title":{"rendered":"Senzor Wi-Fi Tuya Air Box pentru m\u0103surarea temperaturii, umidit\u0103\u021bii \u0219i calit\u0103\u021bii aerului"},"content":{"rendered":"<p><strong>Caracteristici tehnice:<\/strong><\/p>\n<p><em>Temperatur\u0103 de func\u021bionare:<\/em> -20 p\u00e2n\u0103 la 85 \u00b0C<br \/>\n<em>Tensiune de lucru:<\/em> 5V<br \/>\n<em>Curent de func\u021bionare:<\/em> 10\u2013496 mA<br \/>\n<em>Dimensiuni:<\/em> 100 \u00d7 100 \u00d7 35 mm<br \/>\n<em>Alimentare:<\/em> USB 5V\/1A<br \/>\n<em>Protocol de comunica\u021bie:<\/em> Wi-Fi<br \/>\n<em>Material carcas\u0103:<\/em> PVC<br \/>\n<em>Greutate:<\/em> 110 g<\/p>\n<p><strong>Not\u0103 important\u0103:<\/strong><br \/>\n<em>Valoarea CO\u2082 este calculat\u0103 pe baza valorilor VOC \u0219i temperaturii, printr-un algoritm de estimare. Aceasta este o valoare analogic\u0103, nu una detectat\u0103 direct. Se ofer\u0103 doar \u00een scopuri informative \u0219i nu este destinat\u0103 test\u0103rii profesionale.<\/em><\/p>\n","protected":false},"excerpt":{"rendered":"<p><strong>Tuya Air Box este un senzor inteligent<\/strong> Wi-Fi conceput pentru monitorizarea \u00een timp real a parametrilor esen\u021biali ai mediului interior: temperatur\u0103, umiditate \u0219i calitatea aerului (inclusiv compu\u0219i organici volatili &#8211; COV). Dispozitivul func\u021bioneaz\u0103 cu aplica\u021bia mobil\u0103 TUYA Smart sau Smart Life, oferindu-\u021bi acces permanent la datele de mediu direct de pe telefonul t\u0103u.<\/p>\n","protected":false},"featured_media":11102,"comment_status":"closed","ping_status":"closed","template":"","meta":[],"product_brand":[1349],"product_cat":[521],"product_tag":[280,675,628,618,583],"class_list":{"0":"post-11101","1":"product","2":"type-product","3":"status-publish","4":"has-post-thumbnail","6":"product_brand-tuya","7":"product_cat-senzori","8":"product_tag-casa-inteligenta","9":"product_tag-casa-inteligenta-cumpara-in-moldova","10":"product_tag-senzor-de-temperatura","11":"product_tag-senzor-de-umiditate","12":"product_tag-senzor-wi-fi","14":"first","15":"instock","16":"shipping-taxable","17":"purchasable","18":"product-type-simple"},"aioseo_notices":[],"_links":{"self":[{"href":"https:\/\/ecodom.md\/ro\/wp-json\/wp\/v2\/product\/11101","targetHints":{"allow":["GET"]}}],"collection":[{"href":"https:\/\/ecodom.md\/ro\/wp-json\/wp\/v2\/product"}],"about":[{"href":"https:\/\/ecodom.md\/ro\/wp-json\/wp\/v2\/types\/product"}],"replies":[{"embeddable":true,"href":"https:\/\/ecodom.md\/ro\/wp-json\/wp\/v2\/comments?post=11101"}],"wp:featuredmedia":[{"embeddable":true,"href":"https:\/\/ecodom.md\/ro\/wp-json\/wp\/v2\/media\/11102"}],"wp:attachment":[{"href":"https:\/\/ecodom.md\/ro\/wp-json\/wp\/v2\/media?parent=11101"}],"wp:term":[{"taxonomy":"product_brand","embeddable":true,"href":"https:\/\/ecodom.md\/ro\/wp-json\/wp\/v2\/product_brand?post=11101"},{"taxonomy":"product_cat","embeddable":true,"href":"https:\/\/ecodom.md\/ro\/wp-json\/wp\/v2\/product_cat?post=11101"},{"taxonomy":"product_tag","embeddable":true,"href":"https:\/\/ecodom.md\/ro\/wp-json\/wp\/v2\/product_tag?post=11101"}],"curies":[{"name":"wp","href":"https:\/\/api.w.org\/{rel}","templated":true}]}}