{"id":11083,"date":"2024-02-27T21:51:50","date_gmt":"2024-02-27T19:51:50","guid":{"rendered":"https:\/\/ecodom.md\/?post_type=product&#038;p=11083"},"modified":"2025-06-17T15:27:14","modified_gmt":"2025-06-17T13:27:14","slug":"detector-fara-fir-de-monoxid-de-carbon-starview-ssl-zx-co20r","status":"publish","type":"product","link":"https:\/\/ecodom.md\/ro\/cat\/detector-fara-fir-de-monoxid-de-carbon-starview-ssl-zx-co20r\/","title":{"rendered":"Detector f\u0103r\u0103 fir de monoxid de carbon Starview SSL-ZX-CO20R"},"content":{"rendered":"<p><strong>Descriere:<\/strong><\/p>\n<p><em>Model:<\/em> SSL-ZX-CO20R<br \/>\n<em>Produc\u0103tor:<\/em> Starview<\/p>\n<p><strong>Caracteristici produs:<\/strong><\/p>\n<ul>\n<li>Ecran digital LCD cu luminozitate ridicat\u0103, afi\u0219\u00e2nd concentra\u021bia de monoxid de carbon<\/li>\n<li>Senzori ce utilizeaz\u0103 tehnologii electrochimice avansate<\/li>\n<li>Dou\u0103 niveluri de alarm\u0103, luminoas\u0103 \u0219i sonor\u0103<\/li>\n<li>Alarm\u0103 cu volum ridicat<\/li>\n<li>Identificare clar\u0103 prin lumin\u0103 intermitent\u0103<\/li>\n<li>Material ignifug<\/li>\n<\/ul>\n<p><strong>Parametri tehnici principali:<\/strong><\/p>\n<p><em>Surs\u0103 de alimentare:<\/em> 3 baterii AA de 1,5 V<br \/>\n<em>Curent maxim:<\/em> 10 A<br \/>\n<em>Consum alarm\u0103:<\/em> &lt;50 mA<br \/>\n<em>Durata de func\u021bionare a bateriei:<\/em> cel pu\u021bin 1 an<\/p>\n","protected":false},"excerpt":{"rendered":"<p><strong>Detectorul wireless de monoxid de carbon Starview utilizeaz\u0103 o tehnologie avansat\u0103 a microcontrolerului, cu consum foarte redus de energie.<\/strong><\/p>\n","protected":false},"featured_media":11085,"comment_status":"closed","ping_status":"closed","template":"","meta":[],"product_brand":[],"product_cat":[511,521,179],"product_tag":[280,685,686,671],"class_list":{"0":"post-11083","1":"product","2":"type-product","3":"status-publish","4":"has-post-thumbnail","6":"product_cat-securitate","7":"product_cat-senzori","8":"product_cat-casa-inteligenta","9":"product_tag-casa-inteligenta","10":"product_tag-control-cazan-pe-gaz","11":"product_tag-control-gaz","12":"product_tag-casa-inteligenta-ro-2","14":"first","15":"instock","16":"shipping-taxable","17":"purchasable","18":"product-type-simple"},"aioseo_notices":[],"_links":{"self":[{"href":"https:\/\/ecodom.md\/ro\/wp-json\/wp\/v2\/product\/11083","targetHints":{"allow":["GET"]}}],"collection":[{"href":"https:\/\/ecodom.md\/ro\/wp-json\/wp\/v2\/product"}],"about":[{"href":"https:\/\/ecodom.md\/ro\/wp-json\/wp\/v2\/types\/product"}],"replies":[{"embeddable":true,"href":"https:\/\/ecodom.md\/ro\/wp-json\/wp\/v2\/comments?post=11083"}],"wp:featuredmedia":[{"embeddable":true,"href":"https:\/\/ecodom.md\/ro\/wp-json\/wp\/v2\/media\/11085"}],"wp:attachment":[{"href":"https:\/\/ecodom.md\/ro\/wp-json\/wp\/v2\/media?parent=11083"}],"wp:term":[{"taxonomy":"product_brand","embeddable":true,"href":"https:\/\/ecodom.md\/ro\/wp-json\/wp\/v2\/product_brand?post=11083"},{"taxonomy":"product_cat","embeddable":true,"href":"https:\/\/ecodom.md\/ro\/wp-json\/wp\/v2\/product_cat?post=11083"},{"taxonomy":"product_tag","embeddable":true,"href":"https:\/\/ecodom.md\/ro\/wp-json\/wp\/v2\/product_tag?post=11083"}],"curies":[{"name":"wp","href":"https:\/\/api.w.org\/{rel}","templated":true}]}}