{"id":11082,"date":"2024-02-27T21:51:24","date_gmt":"2024-02-27T19:51:24","guid":{"rendered":"https:\/\/ecodom.md\/?post_type=product&#038;p=11082"},"modified":"2025-06-17T15:17:07","modified_gmt":"2025-06-17T13:17:07","slug":"detector-de-scurgeri-de-gaz-natural-tuya-wi-fi","status":"publish","type":"product","link":"https:\/\/ecodom.md\/ro\/cat\/detector-de-scurgeri-de-gaz-natural-tuya-wi-fi\/","title":{"rendered":"Detector de scurgeri de gaz natural Tuya Wi-Fi"},"content":{"rendered":"<p><strong>Caracteristici:<\/strong><\/p>\n<p><em>Num\u0103r model:<\/em> WF-GLD<br \/>\n<em>Origine:<\/em> China<br \/>\n<em>Certificare:<\/em> Eurotest (CE)<br \/>\n<em>Platform\u0103 pentru cas\u0103 inteligent\u0103:<\/em> Alexa<br \/>\n<em>Platform\u0103 pentru cas\u0103 inteligent\u0103:<\/em> Tuya<br \/>\n<em>Platform\u0103 pentru cas\u0103 inteligent\u0103:<\/em> Google Assistant<br \/>\n<em>Tensiune:<\/em> 100\u2013250 V<br \/>\n<em>Func\u021bie 1:<\/em> Senzor pentru detectarea scurgerilor de gaz natural \u0219i gaz lichefiat<br \/>\n<em>Func\u021bie 2:<\/em> Detector de gaz lichefiat<\/p>\n","protected":false},"excerpt":{"rendered":"<p><strong>Detector inteligent de scurgeri de gaz Tuya Wi-Fi (WF-GLD)<\/strong><br \/>\nDetectorul de gaz Wi-Fi monitorizeaz\u0103 \u00een timp real scurgerile de gaz natural \u0219i gaz lichefiat, oferind alerte sonore \u0219i notific\u0103ri pe smartphone. Compatibil cu Tuya Smart, Google Assistant \u0219i Alexa. Ideal pentru protejarea locuin\u021bei \u00eempotriva pericolelor de gaz.<\/p>\n","protected":false},"featured_media":9876,"comment_status":"closed","ping_status":"closed","template":"","meta":[],"product_brand":[],"product_cat":[521],"product_tag":[1347,1348,583],"class_list":{"0":"post-11082","1":"product","2":"type-product","3":"status-publish","4":"has-post-thumbnail","6":"product_cat-senzori","7":"product_tag-detector-gaz","8":"product_tag-senzor-scurgere-gaz","9":"product_tag-senzor-wi-fi","11":"first","12":"instock","13":"shipping-taxable","14":"purchasable","15":"product-type-simple"},"aioseo_notices":[],"_links":{"self":[{"href":"https:\/\/ecodom.md\/ro\/wp-json\/wp\/v2\/product\/11082","targetHints":{"allow":["GET"]}}],"collection":[{"href":"https:\/\/ecodom.md\/ro\/wp-json\/wp\/v2\/product"}],"about":[{"href":"https:\/\/ecodom.md\/ro\/wp-json\/wp\/v2\/types\/product"}],"replies":[{"embeddable":true,"href":"https:\/\/ecodom.md\/ro\/wp-json\/wp\/v2\/comments?post=11082"}],"wp:featuredmedia":[{"embeddable":true,"href":"https:\/\/ecodom.md\/ro\/wp-json\/wp\/v2\/media\/9876"}],"wp:attachment":[{"href":"https:\/\/ecodom.md\/ro\/wp-json\/wp\/v2\/media?parent=11082"}],"wp:term":[{"taxonomy":"product_brand","embeddable":true,"href":"https:\/\/ecodom.md\/ro\/wp-json\/wp\/v2\/product_brand?post=11082"},{"taxonomy":"product_cat","embeddable":true,"href":"https:\/\/ecodom.md\/ro\/wp-json\/wp\/v2\/product_cat?post=11082"},{"taxonomy":"product_tag","embeddable":true,"href":"https:\/\/ecodom.md\/ro\/wp-json\/wp\/v2\/product_tag?post=11082"}],"curies":[{"name":"wp","href":"https:\/\/api.w.org\/{rel}","templated":true}]}}