{"id":11077,"date":"2025-06-17T13:38:20","date_gmt":"2025-06-17T11:38:20","guid":{"rendered":"https:\/\/ecodom.md\/?post_type=product&#038;p=11077"},"modified":"2025-06-17T13:48:12","modified_gmt":"2025-06-17T11:48:12","slug":"camera-ip-wi-fi-de-exterior-cu-montaj-pe-perete-tip-lampa-d2-2-mp","status":"publish","type":"product","link":"https:\/\/ecodom.md\/ro\/cat\/camera-ip-wi-fi-de-exterior-cu-montaj-pe-perete-tip-lampa-d2-2-mp\/","title":{"rendered":"Camer\u0103 IP Wi-Fi de exterior cu montaj pe perete, tip lamp\u0103 D2 \u2013 2 MP"},"content":{"rendered":"<p><strong>Camer\u0103 IP Wi-Fi de exterior<\/strong> montat\u0103 pe perete, tip lamp\u0103 D2 \u2013 2 MP \/ Acest gadget este indispensabil pentru orice persoan\u0103 modern\u0103.<\/p>\n<p><em>Calitate<\/em> &#8211; HD 1080P<br \/>\n<em>Rezolu\u021bie<\/em> &#8211; 1920x1080P \u00een format Full HD, vedere panoramic\u0103 de 160\u00b0, imagine clar\u0103.<br \/>\n<em>Induc\u021bie<\/em> inteligent\u0103, lamp\u0103 de perete pentru curtea interioar\u0103<br \/>\n<em>Noaptea<\/em>, c\u00e2nd cineva intr\u0103, se aprinde automat sau sperie ho\u021bii.<br \/>\n<em>Grad de protec\u021bie<\/em> &#8211; IP66<br \/>\n<em>Rezistent\u0103<\/em> la ap\u0103, se adapteaz\u0103 mediului chiar \u0219i \u00een condi\u021bii meteo nefavorabile.<br \/>\n<em>Suport<\/em> pentru detectarea mi\u0219c\u0103rii<br \/>\n<em>Detectare<\/em> inteligent\u0103 a mi\u0219c\u0103rii, notific\u0103ri rapide despre situa\u021bia casei, important pentru siguran\u021ba locuin\u021bei.<br \/>\n<em>Suport<\/em> pentru viziune nocturn\u0103 HD<br \/>\n<em>Calitate \u00eenalt\u0103<\/em> a imaginii pentru p\u0103strarea detaliilor, vedere nocturn\u0103 cu infraro\u0219u \u0219i reducere a zgomotului pentru imagini clare pe timpul nop\u021bii.<br \/>\n<em>Audio<\/em> &#8211; bidirec\u021bional<br \/>\n<em>Difuzor \u0219i microfon<\/em> \u00eencorporate, cu func\u021bie de reducere a ecoului, comunicare bidirec\u021bional\u0103.<br \/>\n<em>Suport<\/em> pentru vizualizare la distan\u021b\u0103 pentru mai mul\u021bi utilizatori<br \/>\n<em>Vizualizare<\/em> de la distan\u021b\u0103 prin telefon mobil sau tablet\u0103 \u0219i partajare simultan\u0103 a fotografiilor \u00een timp real cu familia \u0219i prietenii.<\/p>\n<p><strong>Specifica\u021bii:<\/strong><br \/>\n<em>Produc\u0103tor:<\/em> UKC<br \/>\n<em>Model:<\/em> D2 2MP<br \/>\n<em>Tip:<\/em> camer\u0103 de exterior<br \/>\n<em>Form\u0103:<\/em> tip carcas\u0103<br \/>\n<em>Mod filmare zi\/noapte:<\/em> da<br \/>\n<em>Filmare<\/em> clar\u0103 pe timp de noapte, stocare \u00een cloud<br \/>\n<em>Suport<\/em> pentru vizualizare multipl\u0103 la distan\u021b\u0103<br \/>\n<em>Audio bidirec\u021bional<\/em> (microfon \u0219i difuzor integrate)<br \/>\n<em>\u00cenregistrare<\/em> video programabil\u0103, detectare mi\u0219care cu alarm\u0103<br \/>\n<em>Suport<\/em> pentru card SD (p\u00e2n\u0103 la 64 GB) \u0219i redare (cardul SD nu este inclus)<br \/>\n<em>Rezistent\u0103<\/em> la ap\u0103, func\u021bioneaz\u0103 perfect at\u00e2t \u00een interior, c\u00e2t \u0219i \u00een exterior<br \/>\n<em>Compatibilitate:<\/em> PC, Mac, iPad, telefon mobil<br \/>\n<em>Reglaj<\/em> volum<br \/>\n<em>Mod<\/em> ecran complet<br \/>\n<em>Set\u0103ri<\/em> calitate imagine<br \/>\n<em>Montaj<\/em> pe perete\/tavan<br \/>\n<em>Carcas\u0103:<\/em> plastic<br \/>\n<em>Obiectiv:<\/em> 3,6 mm<br \/>\n<em>Culoare:<\/em> alb<br \/>\n<em>Num\u0103r LED-uri IR:<\/em> 16<br \/>\n<em>Num\u0103r LED-uri:<\/em> 32<br \/>\n<em>Tehnologie<\/em> P2P pentru acces rapid la distan\u021b\u0103<br \/>\n<em>Serviciu<\/em> cloud<br \/>\n<em>Compresie video<\/em> H.264 dual-stream<br \/>\n<em>Dimensiuni:<\/em> 128 x 88 x 78 mm<\/p>\n<p><strong>Pachetul include:<\/strong><br \/>\n<em>Camer\u0103 IP tip lamp\u0103<\/em><br \/>\n<em>Alimentator<\/em><br \/>\n<em>Diblu<\/em><br \/>\n<em>Instruc\u021biuni (\u00een englez\u0103)<\/em><\/p>\n","protected":false},"excerpt":{"rendered":"<p><strong>Camer\u0103 IP Wi-Fi de exterior<\/strong> montat\u0103 pe perete, tip lamp\u0103 D2 \u2013 2 MP \/ Acest gadget este indispensabil pentru orice persoan\u0103 modern\u0103.<\/p>\n","protected":false},"featured_media":11068,"comment_status":"closed","ping_status":"closed","template":"","meta":[],"product_brand":[],"product_cat":[513],"product_tag":[1343,1344,560,1345,1346],"class_list":{"0":"post-11077","1":"product","2":"type-product","3":"status-publish","4":"has-post-thumbnail","6":"product_cat-monitorizare-video","7":"product_tag-camera-ip-de-exterior","8":"product_tag-camera-supraveghere-video","9":"product_tag-camera-wi-fi","10":"product_tag-detectare-miscare","11":"product_tag-vizualizare-la-distanta","13":"first","14":"instock","15":"shipping-taxable","16":"purchasable","17":"product-type-simple"},"aioseo_notices":[],"_links":{"self":[{"href":"https:\/\/ecodom.md\/ro\/wp-json\/wp\/v2\/product\/11077","targetHints":{"allow":["GET"]}}],"collection":[{"href":"https:\/\/ecodom.md\/ro\/wp-json\/wp\/v2\/product"}],"about":[{"href":"https:\/\/ecodom.md\/ro\/wp-json\/wp\/v2\/types\/product"}],"replies":[{"embeddable":true,"href":"https:\/\/ecodom.md\/ro\/wp-json\/wp\/v2\/comments?post=11077"}],"wp:featuredmedia":[{"embeddable":true,"href":"https:\/\/ecodom.md\/ro\/wp-json\/wp\/v2\/media\/11068"}],"wp:attachment":[{"href":"https:\/\/ecodom.md\/ro\/wp-json\/wp\/v2\/media?parent=11077"}],"wp:term":[{"taxonomy":"product_brand","embeddable":true,"href":"https:\/\/ecodom.md\/ro\/wp-json\/wp\/v2\/product_brand?post=11077"},{"taxonomy":"product_cat","embeddable":true,"href":"https:\/\/ecodom.md\/ro\/wp-json\/wp\/v2\/product_cat?post=11077"},{"taxonomy":"product_tag","embeddable":true,"href":"https:\/\/ecodom.md\/ro\/wp-json\/wp\/v2\/product_tag?post=11077"}],"curies":[{"name":"wp","href":"https:\/\/api.w.org\/{rel}","templated":true}]}}