{"id":11035,"date":"2024-02-27T21:51:01","date_gmt":"2024-02-27T19:51:01","guid":{"rendered":"https:\/\/ecodom.md\/?post_type=product&#038;p=11035"},"modified":"2025-06-17T10:44:24","modified_gmt":"2025-06-17T08:44:24","slug":"camera-ip-pentru-sistem-cctv-3-mp-1080p-wi-fi","status":"publish","type":"product","link":"https:\/\/ecodom.md\/ro\/cat\/camera-ip-pentru-sistem-cctv-3-mp-1080p-wi-fi\/","title":{"rendered":"Camer\u0103 IP pentru sistem CCTV, 3 MP, 1080p, Wi-Fi"},"content":{"rendered":"<p><strong>Specifica\u021bii:<\/strong><br \/>\n<em>Nume brand:<\/em> BSEED<br \/>\n<em>Num\u0103r model:<\/em> ZX-C23B<br \/>\n<em>Origine:<\/em> China<br \/>\n<em>Certific\u0103ri:<\/em> CE (Eurotest), FCC, RoHS<br \/>\n<em>Unghi de detec\u021bie:<\/em> 90\u00b0 \/ 355\u00b0<br \/>\n<em>Tip priz\u0103:<\/em> Priz\u0103 EU<br \/>\n<em>Megapixeli:<\/em> 2MP \/ 3MP<br \/>\n<em>Dispozitive compatibile:<\/em> Android, iOS<br \/>\n<em>Domeniu de mi\u0219care:<\/em> 0\u00b0\u2013355\u00b0<br \/>\n<em>Unghi de vizualizare:<\/em> 90\u00b0<br \/>\n<em>Temperatur\u0103 de func\u021bionare:<\/em> -20\u00b0 p\u00e2n\u0103 la +50\u00b0C<br \/>\n<em>Format de compresie video:<\/em> H.264<br \/>\n<em>Lentil\u0103 (mm):<\/em> 3,6 mm<br \/>\n<em>Distan\u021b\u0103 infraro\u0219u (IR):<\/em> 0\u201310 m<br \/>\n<em>Consum de energie:<\/em> 4,5 W<br \/>\n<em>Re\u021bea:<\/em> Suport\u0103 doar Wi-Fi 2,4G<br \/>\n<em>Dimensiuni:<\/em> 120 mm \u00d7 80 mm \u00d7 80 mm<\/p>\n","protected":false},"excerpt":{"rendered":"<p><strong>Camer\u0103 IP Bseed 3MP 1080P Tuya \u2013 camer\u0103 de supraveghere CCTV wireless pentru locuin\u021b\u0103, cu urm\u0103rire automat\u0103.<\/strong><br \/>\n&nbsp;<\/p>\n","protected":false},"featured_media":11036,"comment_status":"closed","ping_status":"closed","template":"","meta":[],"product_brand":[],"product_cat":[513],"product_tag":[560,280,611],"class_list":{"0":"post-11035","1":"product","2":"type-product","3":"status-publish","4":"has-post-thumbnail","6":"product_cat-monitorizare-video","7":"product_tag-camera-wi-fi","8":"product_tag-casa-inteligenta","9":"product_tag-supraveghere-video","11":"first","12":"instock","13":"shipping-taxable","14":"purchasable","15":"product-type-simple"},"aioseo_notices":[],"_links":{"self":[{"href":"https:\/\/ecodom.md\/ro\/wp-json\/wp\/v2\/product\/11035","targetHints":{"allow":["GET"]}}],"collection":[{"href":"https:\/\/ecodom.md\/ro\/wp-json\/wp\/v2\/product"}],"about":[{"href":"https:\/\/ecodom.md\/ro\/wp-json\/wp\/v2\/types\/product"}],"replies":[{"embeddable":true,"href":"https:\/\/ecodom.md\/ro\/wp-json\/wp\/v2\/comments?post=11035"}],"wp:featuredmedia":[{"embeddable":true,"href":"https:\/\/ecodom.md\/ro\/wp-json\/wp\/v2\/media\/11036"}],"wp:attachment":[{"href":"https:\/\/ecodom.md\/ro\/wp-json\/wp\/v2\/media?parent=11035"}],"wp:term":[{"taxonomy":"product_brand","embeddable":true,"href":"https:\/\/ecodom.md\/ro\/wp-json\/wp\/v2\/product_brand?post=11035"},{"taxonomy":"product_cat","embeddable":true,"href":"https:\/\/ecodom.md\/ro\/wp-json\/wp\/v2\/product_cat?post=11035"},{"taxonomy":"product_tag","embeddable":true,"href":"https:\/\/ecodom.md\/ro\/wp-json\/wp\/v2\/product_tag?post=11035"}],"curies":[{"name":"wp","href":"https:\/\/api.w.org\/{rel}","templated":true}]}}