{"id":11022,"date":"2022-01-10T19:26:01","date_gmt":"2022-01-10T17:26:01","guid":{"rendered":"https:\/\/ecodom.md\/?post_type=product&#038;p=11022"},"modified":"2025-06-17T10:02:48","modified_gmt":"2025-06-17T08:02:48","slug":"sistem-de-alarma-inteligent-wi-fi-3-in-1-tuya","status":"publish","type":"product","link":"https:\/\/ecodom.md\/ro\/cat\/sistem-de-alarma-inteligent-wi-fi-3-in-1-tuya\/","title":{"rendered":"Sistem de alarm\u0103 inteligent Wi-Fi 3 \u00een 1 Tuya"},"content":{"rendered":"<p><strong>Caracteristici:<\/strong><\/p>\n<p><em>Ecran TFT LCD color<\/em> de 2,4 inch, ultra-sub\u021bire \u0219i compact, design delicat cu atingere fin\u0103, aspect elegant.<\/p>\n<p><em>Afi\u0219aj vocal color<\/em> complet, transmisie wireless, u\u0219or de instalat.<\/p>\n<p><em>3 re\u021bele \u00eentr-un singur dispozitiv (Wi-Fi + GSM + GPRS)<\/em> \u2013 conexiune constant\u0103, mai sigur \u0219i mai fiabil.<\/p>\n<p><em>3 func\u021bii \u00eentr-un singur aparat (sonerie + telefon + sistem de alarm\u0103)<\/em> \u2013 inteligent \u0219i complet.<\/p>\n<p><em>Control de la distan\u021b\u0103<\/em> prin aplica\u021bia Tuya Smart, compatibil cu Amazon Alexa \u0219i Google Assistant pentru comenzi vocale.<\/p>\n<p><em>Apel SOS secret<\/em> cu un singur buton; suport pentru cod de constr\u00e2ngere \u2013 poate apela \u00een t\u0103cere \u00een caz de urgen\u021b\u0103 pentru protec\u021bia vie\u021bii.<\/p>\n<p><em>Suport multilingv:<\/em> chinez\u0103, englez\u0103, german\u0103, coreean\u0103, spaniol\u0103, portughez\u0103, francez\u0103, arab\u0103, rus\u0103.<\/p>\n<p><em>Identificare autonom\u0103 a volumului animalelor de companie<\/em> \u2013 previne alarmele false provocate de animale sub 25 kg.<\/p>\n<p><em>Suport pentru aplica\u021bie<\/em> de re\u021bea Wi-Fi, cu alerte prin semnal, apel, SMS \u0219i alte moduri de alarmare \u0219i control.<\/p>\n<p><em>Suport pentru 5 grupuri<\/em> predefinite de numere de telefon \u0219i SMS pentru alert\u0103; set\u0103ri separate pentru apeluri \u0219i SMS.<\/p>\n<p><em>Ad\u0103ugare de accesorii<\/em> wireless cu un singur buton, f\u0103r\u0103 a seta manual zone, atribute sau nume.<\/p>\n<p><em>Suport pentru denumiri \u0219i zone personalizabile:<\/em> u\u0219\u0103 principal\u0103, hol, ajutor, dormitor, fereastr\u0103, balcon, perimetru, fum, gaz, monoxid de carbon, scurgere de ap\u0103, sonerie, senzor IR, contact magnetic etc.<\/p>\n<p><em>Configurare flexibil\u0103 pentru tipuri de zone:<\/em> zon\u0103 de acces, zon\u0103 interioar\u0103, zon\u0103 perimetral\u0103, zon\u0103 sonerie, zon\u0103 24h etc.<\/p>\n<p><em>Suport pentru afi\u0219\u0103ri \u0219i alerte avansate:<\/em> pan\u0103 de curent, baterie de rezerv\u0103 slab\u0103, alarm\u0103 la \u0219ocuri etc.<\/p>\n<p><em>Difuzor dublu<\/em> \u2013 difuzor \u00eencorporat \u0219i op\u021biune pentru conectare la siren\u0103 extern\u0103.<\/p>\n<p><em>Suport pentru<\/em> detec\u021bie de fraud\u0103 \u00een zon\u0103 \u0219i introducere coduri personalizate.<\/p>\n<p><em>Temporizare<\/em> pentru armare\/dezarmare \u0219i trimitere de mesaje.<\/p>\n<p><em>Func\u021bie telefonic\u0103<\/em> complet\u0103, similar\u0103 unui telefon obi\u0219nuit.<\/p>\n<p>Suport pentru comutator electric.<\/p>\n<p><em>Notificare<\/em> \u00een aplica\u021bie c\u00e2nd utilizatorul dezarmeaz\u0103 sistemul.<\/p>\n<p><em>Compatibil<\/em> cu iOS \u0219i Android, control de la distan\u021b\u0103 prin aplica\u021bia mobil\u0103.<\/p>\n<p><strong>Specifica\u021bii tehnice:<\/strong><\/p>\n<p><em>Alimentare:<\/em> 110 ~ 230V AC (intrare), 5V \/ 1.0A (ie\u0219ire)<\/p>\n<p><em>Baterie telecomand\u0103:<\/em> Buton CR2032 210 mAh (inclus\u0103)<\/p>\n<p><em>Baterie sonerie:<\/em> Buton CR2032 210 mAh (inclus\u0103)<\/p>\n<p><em>Baterie de rezerv\u0103:<\/em> 3,7V \/ 500 mAh<\/p>\n<p><em>Curent standby:<\/em> \u226480 \u00b5A<\/p>\n<p><em>Curent \u00een caz de urgen\u021b\u0103:<\/em> \u2264500 mA<\/p>\n<p><em>Re\u021bea GSM:<\/em> 850\/900\/1800\/1900 MHz<\/p>\n<p><em>Standard Wi-Fi:<\/em> IEEE802.11b\/g\/n<\/p>\n<p><em>Temperatur\u0103 de func\u021bionare:<\/em> -10\u00b0C ~ +60\u00b0C\u00a0\u226495%<\/p>\n<p><em>Frecven\u021b\u0103 wireless:<\/em> 433 MHz<\/p>\n<p><em>Semnal sonor alarm\u0103:<\/em> \u226585 dB<\/p>\n<p><em>Putere transmisie wireless extern\u0103:<\/em> 10 \u00b1 14 dB<\/p>\n<p><em>Mod de transmisie alarm\u0103:<\/em> Wi-Fi + GSM<\/p>\n<p><em>Dimensiuni produs:<\/em> 160 \u00d7 100 \u00d7 12,5 mm<\/p>\n","protected":false},"excerpt":{"rendered":"<p><strong>Ecran LCD TFT color de 2,4 inch, ultra-sub\u021bire, ultra-compact, cu un design delicat la atingere \u2013 elegant \u0219i rafinat.<\/strong><br \/>\n<strong>Apel SOS secret printr-un singur buton; suport pentru cod de constr\u00e2ngere \u2013 poate efectua apeluri discrete \u00een caz de urgen\u021b\u0103, protej\u00e2nd siguran\u021ba vie\u021bii.<\/strong><\/p>\n","protected":false},"featured_media":11023,"comment_status":"closed","ping_status":"closed","template":"","meta":[],"product_brand":[],"product_cat":[520,179],"product_tag":[280,1091,1332,671],"class_list":{"0":"post-11022","1":"product","2":"type-product","3":"status-publish","4":"has-post-thumbnail","6":"product_cat-securitate-si-alarma","7":"product_cat-casa-inteligenta","8":"product_tag-casa-inteligenta","9":"product_tag-control-prin-aplicatie","10":"product_tag-sistem-de-alarma-inteligent","11":"product_tag-casa-inteligenta-ro-2","13":"first","14":"instock","15":"shipping-taxable","16":"purchasable","17":"product-type-simple"},"aioseo_notices":[],"_links":{"self":[{"href":"https:\/\/ecodom.md\/ro\/wp-json\/wp\/v2\/product\/11022","targetHints":{"allow":["GET"]}}],"collection":[{"href":"https:\/\/ecodom.md\/ro\/wp-json\/wp\/v2\/product"}],"about":[{"href":"https:\/\/ecodom.md\/ro\/wp-json\/wp\/v2\/types\/product"}],"replies":[{"embeddable":true,"href":"https:\/\/ecodom.md\/ro\/wp-json\/wp\/v2\/comments?post=11022"}],"wp:featuredmedia":[{"embeddable":true,"href":"https:\/\/ecodom.md\/ro\/wp-json\/wp\/v2\/media\/11023"}],"wp:attachment":[{"href":"https:\/\/ecodom.md\/ro\/wp-json\/wp\/v2\/media?parent=11022"}],"wp:term":[{"taxonomy":"product_brand","embeddable":true,"href":"https:\/\/ecodom.md\/ro\/wp-json\/wp\/v2\/product_brand?post=11022"},{"taxonomy":"product_cat","embeddable":true,"href":"https:\/\/ecodom.md\/ro\/wp-json\/wp\/v2\/product_cat?post=11022"},{"taxonomy":"product_tag","embeddable":true,"href":"https:\/\/ecodom.md\/ro\/wp-json\/wp\/v2\/product_tag?post=11022"}],"curies":[{"name":"wp","href":"https:\/\/api.w.org\/{rel}","templated":true}]}}