{"id":11005,"date":"2024-02-27T11:57:06","date_gmt":"2024-02-27T09:57:06","guid":{"rendered":"https:\/\/ecodom.md\/?post_type=product&#038;p=11005"},"modified":"2025-06-17T09:31:42","modified_gmt":"2025-06-17T07:31:42","slug":"sistem-de-alarma-cu-ecran-tactil-tuya-wi-fi-gsm-4g-cid","status":"publish","type":"product","link":"https:\/\/ecodom.md\/ro\/cat\/sistem-de-alarma-cu-ecran-tactil-tuya-wi-fi-gsm-4g-cid\/","title":{"rendered":"Sistem de alarm\u0103 cu ecran tactil Tuya Wi-Fi GSM\/4G CID"},"content":{"rendered":"<p><strong>Descriere:<\/strong><br \/>\n<em>Locul de origine:<\/em> Guangdong<br \/>\n<em>Re\u021bea:<\/em> Wi-Fi, GSM, 4G<br \/>\n<em>Caracteristic\u0103:<\/em> Voce de alarm\u0103 de \u00eenalt\u0103 presiune<br \/>\n<em>Surs\u0103 de alimentare:<\/em> Micro USB 110\/220V AC \u2013 5V, 2000 mA<br \/>\n<em>Baterie de rezerv\u0103:<\/em> Baterie litiu 3,7V, 500 mAh<br \/>\n<em>Aplica\u021bie:<\/em> Tuya \u201eSmart Life\u201d<br \/>\n<em>Cuv\u00e2nt-cheie:<\/em> Senzor sistem de alarm\u0103<br \/>\n<em>Suport lingvistic:<\/em> Suport\u0103 11 limbi, compatibil cu Alexa \u0219i Google Home<br \/>\n<em>Mod alarm\u0103:<\/em> GSM, SMS, Wi-Fi, 4G<br \/>\n<em>Frecven\u021b\u0103 wireless:<\/em> 433,92 MHz<br \/>\n<em>Dimensiuni:<\/em> 16210015,5 mm<\/p>\n","protected":false},"excerpt":{"rendered":"<p><em>F\u0103-\u021bi via\u021ba mai convenabil\u0103 \u0219i informa\u021biile mai cuprinz\u0103toare.<\/em><br \/>\n&nbsp;<\/p>\n","protected":false},"featured_media":9418,"comment_status":"closed","ping_status":"closed","template":"","meta":[],"product_brand":[],"product_cat":[520],"product_tag":[641,604,1331],"class_list":{"0":"post-11005","1":"product","2":"type-product","3":"status-publish","4":"has-post-thumbnail","6":"product_cat-securitate-si-alarma","7":"product_tag-cumpara-sistem-inteligent-pentru-casa","8":"product_tag-securitate","9":"product_tag-sistem-de-alarma","11":"first","12":"instock","13":"shipping-taxable","14":"purchasable","15":"product-type-simple"},"aioseo_notices":[],"_links":{"self":[{"href":"https:\/\/ecodom.md\/ro\/wp-json\/wp\/v2\/product\/11005","targetHints":{"allow":["GET"]}}],"collection":[{"href":"https:\/\/ecodom.md\/ro\/wp-json\/wp\/v2\/product"}],"about":[{"href":"https:\/\/ecodom.md\/ro\/wp-json\/wp\/v2\/types\/product"}],"replies":[{"embeddable":true,"href":"https:\/\/ecodom.md\/ro\/wp-json\/wp\/v2\/comments?post=11005"}],"wp:featuredmedia":[{"embeddable":true,"href":"https:\/\/ecodom.md\/ro\/wp-json\/wp\/v2\/media\/9418"}],"wp:attachment":[{"href":"https:\/\/ecodom.md\/ro\/wp-json\/wp\/v2\/media?parent=11005"}],"wp:term":[{"taxonomy":"product_brand","embeddable":true,"href":"https:\/\/ecodom.md\/ro\/wp-json\/wp\/v2\/product_brand?post=11005"},{"taxonomy":"product_cat","embeddable":true,"href":"https:\/\/ecodom.md\/ro\/wp-json\/wp\/v2\/product_cat?post=11005"},{"taxonomy":"product_tag","embeddable":true,"href":"https:\/\/ecodom.md\/ro\/wp-json\/wp\/v2\/product_tag?post=11005"}],"curies":[{"name":"wp","href":"https:\/\/api.w.org\/{rel}","templated":true}]}}