{"id":8315,"date":"2022-11-28T20:41:36","date_gmt":"2022-11-28T18:41:36","guid":{"rendered":"https:\/\/ecodom.md\/?page_id=8315"},"modified":"2024-11-11T09:54:50","modified_gmt":"2024-11-11T07:54:50","slug":"despre-noi","status":"publish","type":"page","link":"https:\/\/ecodom.md\/ro\/despre-noi\/","title":{"rendered":"Despre noi"},"content":{"rendered":"<h2>Ne bucur\u0103m s\u0103 v\u0103 ur\u0103m bun venit pe site-ul EcoDom.md<\/h2>\n<p>EcoDom.md este o echip\u0103 t\u00e2n\u0103r\u0103 \u0219i ambi\u021bioas\u0103! La EcoDom.md suntem cu adev\u0103rat pasiona\u021bi de tehnologie \u0219i avem cuno\u0219tin\u021be vaste \u00een domeniul tehnologiilor IT.<\/p>\n<p>La dezvoltarea EcoDom.md, am decis s\u0103 ne concentr\u0103m \u00een primul r\u00e2nd pe nevoile moderne, a\u0219a c\u0103 select\u0103m cu aten\u021bie produsele.<\/p>\n<p>Datorit\u0103 unui catalog convenabil, descrierilor detaliate ale produselor \u0219i filtrelor, pute\u021bi g\u0103si cu u\u0219urin\u021b\u0103 produsul potrivit, iar dac\u0103 ave\u021bi nevoie de ajutor, consultan\u021bii no\u0219tri cu experien\u021b\u0103 v\u0103 vor ajuta \u00eentotdeauna s\u0103 lua\u021bi decizia corect\u0103.<\/p>\n<p>Primim \u00eentotdeauna feedback-ul, comentariile \u0219i sugestiile cump\u0103r\u0103torilor no\u0219tri, a\u0219a c\u0103 nu ezita\u021bi s\u0103 ne contacta\u021bi \u00een orice moment.<\/p>\n<p>II &#8220;M.V. Potacevschi&#8221;<br \/>\n1003602035031<br \/>\nTVA 1202250<br \/>\nMD35EX0000000225119103MD<br \/>\nBC &#8220;Eximbank&#8221; SA Gruppo Veneto Banca, filiala nr.18<br \/>\nEXMMMD22427<\/p>\n<p>Gama magazinului nostru prezint\u0103 o mare varietate de playere media \u0219i alte gadget-uri.<\/p>\n<p>V\u0103 vom livra comanda la un moment convenabil pentru dvs. \u0219i \u00een orice ora\u0219 din Moldova.<\/p>\n<h3 style=\"text-align: center;\">V\u0103 invit\u0103m s\u0103 face\u021bi cump\u0103r\u0103turi \u00een catalogul nostru!<\/h3>\n","protected":false},"excerpt":{"rendered":"<p>Ne bucur\u0103m s\u0103 v\u0103 ur\u0103m bun venit pe site-ul EcoDom.md EcoDom.md este o echip\u0103 t\u00e2n\u0103r\u0103 \u0219i ambi\u021bioas\u0103! La EcoDom.md suntem<\/p>\n","protected":false},"author":1,"featured_media":0,"parent":0,"menu_order":0,"comment_status":"closed","ping_status":"closed","template":"","meta":{"footnotes":""},"class_list":["post-8315","page","type-page","status-publish","hentry"],"aioseo_notices":[],"_links":{"self":[{"href":"https:\/\/ecodom.md\/ro\/wp-json\/wp\/v2\/pages\/8315","targetHints":{"allow":["GET"]}}],"collection":[{"href":"https:\/\/ecodom.md\/ro\/wp-json\/wp\/v2\/pages"}],"about":[{"href":"https:\/\/ecodom.md\/ro\/wp-json\/wp\/v2\/types\/page"}],"author":[{"embeddable":true,"href":"https:\/\/ecodom.md\/ro\/wp-json\/wp\/v2\/users\/1"}],"replies":[{"embeddable":true,"href":"https:\/\/ecodom.md\/ro\/wp-json\/wp\/v2\/comments?post=8315"}],"version-history":[{"count":1,"href":"https:\/\/ecodom.md\/ro\/wp-json\/wp\/v2\/pages\/8315\/revisions"}],"predecessor-version":[{"id":9765,"href":"https:\/\/ecodom.md\/ro\/wp-json\/wp\/v2\/pages\/8315\/revisions\/9765"}],"wp:attachment":[{"href":"https:\/\/ecodom.md\/ro\/wp-json\/wp\/v2\/media?parent=8315"}],"curies":[{"name":"wp","href":"https:\/\/api.w.org\/{rel}","templated":true}]}}