{"id":8312,"date":"2022-11-29T13:52:35","date_gmt":"2022-11-29T11:52:35","guid":{"rendered":"https:\/\/ecodom.md\/?page_id=8312"},"modified":"2024-11-11T10:03:43","modified_gmt":"2024-11-11T08:03:43","slug":"metode-de-plata","status":"publish","type":"page","link":"https:\/\/ecodom.md\/ro\/metode-de-plata\/","title":{"rendered":"Metode de plata"},"content":{"rendered":"<h2>Numerar \/ Cash<\/h2>\n<p>Pentru a pl\u0103ti achizi\u021bia \u00een numerar, la comandarea m\u0103rfurilor pe site se folose\u0219te metoda de plat\u0103 \u201enumerar la curier\u201d.<\/p>\n<p>Plata se face in numerar, in moneda nationala (lei moldoveni), conform costului indicat pe site si in chitanta.<\/p>\n<p>Plata se face la livrarea achizi\u021biei de c\u0103tre curierul nostru la adresa specificat\u0103 de dvs.<\/p>\n<p>&nbsp;<\/p>\n<h2>Pentru efectuarea pl\u0103\u0163ilor folosim serviciile procesatorului de pl\u0103\u0163i PAYNET<\/h2>\n<p>Procesatorul de plat\u0103 folose\u0219te un sistem securizat, bazat pe ultima versiune a standardului de securitate 3D-Secure ceea ce \u00eenseamn\u0103 o nou\u0103 abordare global\u0103 a autentific\u0103rii cump\u0103r\u0103torilor \u00een tranzac\u021bii sigure online. Aceast\u0103 m\u0103sura de siguran\u021b\u0103 presupune redirec\u021bionarea utilizatorului \u00een momentul efectu\u0103rii pl\u0103\u021bii pe o pagin\u0103 securizat\u0103 PAYNET unde autentificarea fiec\u0103rui de\u021bin\u0103tor de card se face prin atribuirea unui cod de unic\u0103 folosin\u021b\u0103 pentru fiecare tranzac\u021bie online.<\/p>\n<p>&nbsp;<\/p>\n<h2>Transfer bancar:<\/h2>\n<p>Plata prin transfer se face la o sucursal\u0103 a oric\u0103rei b\u0103nci sau din contul curent al companiei dumneavoastr\u0103.<\/p>\n<p>Atunci c\u00e2nd alege\u021bi o metod\u0103 de plat\u0103 f\u0103r\u0103 numerar, livrarea comenzii este posibil\u0103 dup\u0103 primirea fondurilor \u00een contul nostru curent.<\/p>\n<p>&nbsp;<\/p>\n<p><strong>Detalii companiei furnizor:<\/strong><\/p>\n<blockquote><p>Furnizor \/ \u041f\u043e\u0441\u0442\u0430\u0432\u0449\u0438\u043a: II &#8220;M.V. Potacevschi&#8221;<br \/>\nCodul fiscal \/ \u0424\u0438\u0441\u043a\u0430\u043b\u044c\u043d\u044b\u0439 \u043a\u043e\u0434: 1003602035031<br \/>\nNr. TVA \/ \u041a\u043e\u0434 \u041d\u0414\u0421: 1202250<br \/>\nAdresa \/ \u0410\u0434\u0440\u0435\u0441: m.Balti, str.M.Cebotaru 30.<br \/>\nContul \/ \u0421\u0447\u0435\u0442: MD35EX0000000225119103MD<br \/>\nBanc \/ \u0411\u0430\u043d\u043a: BC &#8220;Eximbank&#8221; SA Gruppo Veneto Banca, filiala nr.18<br \/>\nCodul bancii \/ \u041c\u0424\u041e \u0431\u0430\u043d\u043a\u0430: EXMMMD22427<\/p><\/blockquote>\n","protected":false},"excerpt":{"rendered":"<p>Numerar \/ Cash Pentru a pl\u0103ti achizi\u021bia \u00een numerar, la comandarea m\u0103rfurilor pe site se folose\u0219te metoda de plat\u0103 \u201enumerar<\/p>\n","protected":false},"author":1,"featured_media":0,"parent":0,"menu_order":0,"comment_status":"closed","ping_status":"closed","template":"","meta":{"footnotes":""},"class_list":["post-8312","page","type-page","status-publish","hentry"],"aioseo_notices":[],"_links":{"self":[{"href":"https:\/\/ecodom.md\/ro\/wp-json\/wp\/v2\/pages\/8312","targetHints":{"allow":["GET"]}}],"collection":[{"href":"https:\/\/ecodom.md\/ro\/wp-json\/wp\/v2\/pages"}],"about":[{"href":"https:\/\/ecodom.md\/ro\/wp-json\/wp\/v2\/types\/page"}],"author":[{"embeddable":true,"href":"https:\/\/ecodom.md\/ro\/wp-json\/wp\/v2\/users\/1"}],"replies":[{"embeddable":true,"href":"https:\/\/ecodom.md\/ro\/wp-json\/wp\/v2\/comments?post=8312"}],"version-history":[{"count":1,"href":"https:\/\/ecodom.md\/ro\/wp-json\/wp\/v2\/pages\/8312\/revisions"}],"predecessor-version":[{"id":9774,"href":"https:\/\/ecodom.md\/ro\/wp-json\/wp\/v2\/pages\/8312\/revisions\/9774"}],"wp:attachment":[{"href":"https:\/\/ecodom.md\/ro\/wp-json\/wp\/v2\/media?parent=8312"}],"curies":[{"name":"wp","href":"https:\/\/api.w.org\/{rel}","templated":true}]}}