{"id":8306,"date":"2022-11-29T21:59:58","date_gmt":"2022-11-29T19:59:58","guid":{"rendered":"https:\/\/ecodom.md\/?page_id=8306"},"modified":"2023-01-16T22:56:23","modified_gmt":"2023-01-16T20:56:23","slug":"cum-sa-cumperi-de-pe-ecodom-md","status":"publish","type":"page","link":"https:\/\/ecodom.md\/ro\/cum-sa-cumperi-de-pe-ecodom-md\/","title":{"rendered":"Cum s\u0103 cumperi de pe EcoDom.md"},"content":{"rendered":"<p>Efectuarea unei comenzi pe site-ul EcoDom.md este foarte simpl\u0103! Pentru asta ai nevoie de:<\/p>\n<p>1. Selecta\u021bi produsul dorit.<\/p>\n<p>Catalogul de m\u0103rfuri \u0219i pre\u021burile de pe site sunt mereu la zi.<\/p>\n<p>Pentru a vizualiza catalogul complet, accesa\u021bi sec\u021biunea \u201eCategorii\u201d situat\u0103 \u00een partea st\u00e2ng\u0103 a ecranului meniului principal. Ve\u021bi vedea toate sec\u021biunile \u0219i subsec\u021biunile incluse \u00een acesta. C\u00e2nd selecta\u021bi o anumit\u0103 sec\u021biune, se va deschide o list\u0103 de produse.<\/p>\n<p>Procesul de comand\u0103 online dureaz\u0103 doar 30 de secunde.<\/p>\n<p>2. Selecteaz\u0103 produsul care \u00ee\u021bi place \u0219i adaug\u0103 produsul \u00een co\u0219 folosind butonul \u201eCump\u0103r\u0103\u201d.<\/p>\n<p>3. Pe ecran va ap\u0103rea o fereastr\u0103 pop-up, \u00een care pute\u021bi face clic pe butonul \u201eContinua\u021bi cump\u0103r\u0103turile\u201d \u0219i pute\u021bi reveni la lista de produse, sau pute\u021bi trece direct la procedura de finalizare a comenzii f\u0103c\u00e2nd clic pe butonul \u201eContinua\u021bi la cump\u0103r\u0103turi\u201d. Selecta\u021bi ac\u021biunea dorit\u0103.<\/p>\n<p>4. Pe pagina de finalizare a comenzii, trebuie s\u0103 completa\u021bi datele de contact ale cump\u0103r\u0103torului \u0219i s\u0103 continua\u021bi s\u0103 plasa\u021bi comanda f\u0103c\u00e2nd clic pe butonul \u201eUrm\u0103torul\u201d<\/p>\n<p>5. Selecta\u021bi o metod\u0103 de livrare \u0219i o metod\u0103 de plat\u0103.<\/p>\n<p>Pentru a finaliza finalizarea, face\u021bi clic pe butonul \u201eConfirma\u021bi comanda\u201d. Dup\u0103 ap\u0103sarea butonului, va ap\u0103rea mesajul \u201eMul\u021bumesc pentru comand\u0103!\u201d. Un e-mail cu detaliile comenzii tale va fi de asemenea trimis la adresa ta de e-mail. In cel mai scurt timp posibil dupa plasarea unei comenzi pe site, managerii nostri va vor contacta pentru a clarifica si confirma comanda.<\/p>\n<p>Dac\u0103 ave\u021bi \u00eentreb\u0103ri despre plasarea unei comenzi, suna\u021bi la <a href=\"tel:+37360291199\">+373 602 911 99<\/a> sau scrie\u021bi-le consultan\u021bilor no\u0219tri online \u00een chat-ul de asisten\u021b\u0103 pentru clien\u021bi. Consultan\u021bii no\u0219tri v\u0103 vor oferi toate informa\u021biile utile despre comanda dumneavoastr\u0103, disponibilitatea m\u0103rfurilor sau v\u0103 vor ajuta \u00een navigarea pe site. Ne bucur\u0103m mereu s\u0103 te vedem!<\/p>\n","protected":false},"excerpt":{"rendered":"<p>Efectuarea unei comenzi pe site-ul EcoDom.md este foarte simpl\u0103! Pentru asta ai nevoie de: 1. Selecta\u021bi produsul dorit. Catalogul de<\/p>\n","protected":false},"author":1,"featured_media":0,"parent":0,"menu_order":0,"comment_status":"closed","ping_status":"closed","template":"","meta":{"footnotes":""},"class_list":["post-8306","page","type-page","status-publish","hentry"],"aioseo_notices":[],"_links":{"self":[{"href":"https:\/\/ecodom.md\/ro\/wp-json\/wp\/v2\/pages\/8306","targetHints":{"allow":["GET"]}}],"collection":[{"href":"https:\/\/ecodom.md\/ro\/wp-json\/wp\/v2\/pages"}],"about":[{"href":"https:\/\/ecodom.md\/ro\/wp-json\/wp\/v2\/types\/page"}],"author":[{"embeddable":true,"href":"https:\/\/ecodom.md\/ro\/wp-json\/wp\/v2\/users\/1"}],"replies":[{"embeddable":true,"href":"https:\/\/ecodom.md\/ro\/wp-json\/wp\/v2\/comments?post=8306"}],"version-history":[{"count":0,"href":"https:\/\/ecodom.md\/ro\/wp-json\/wp\/v2\/pages\/8306\/revisions"}],"wp:attachment":[{"href":"https:\/\/ecodom.md\/ro\/wp-json\/wp\/v2\/media?parent=8306"}],"curies":[{"name":"wp","href":"https:\/\/api.w.org\/{rel}","templated":true}]}}