{"id":8300,"date":"2022-11-29T14:13:07","date_gmt":"2022-11-29T12:13:07","guid":{"rendered":"https:\/\/ecodom.md\/?page_id=8300"},"modified":"2023-01-16T22:59:54","modified_gmt":"2023-01-16T20:59:54","slug":"livrare-in-moldova","status":"publish","type":"page","link":"https:\/\/ecodom.md\/ro\/livrare-in-moldova\/","title":{"rendered":"Livrare \u00een Moldova"},"content":{"rendered":"<table>\n<tbody>\n<tr>\n<td><\/td>\n<td style=\"text-align: center;\"><strong>Chisinau<\/strong><br \/>\n(\u00cen aceea\u0219i zi*)<\/td>\n<td style=\"text-align: center;\"><strong>Chisinau<\/strong><br \/>\n(Pentru urmatoarea zi**)<\/td>\n<td><\/td>\n<td style=\"text-align: center;\"><strong>\u00cen Republica<\/strong><br \/>\n(2-3 zile lucr\u0103toare)<\/td>\n<\/tr>\n<tr>\n<td><\/td>\n<td><\/td>\n<td><\/td>\n<td><\/td>\n<td><\/td>\n<\/tr>\n<tr>\n<td><strong>Livrare<\/strong><\/td>\n<td style=\"text-align: center;\">\u2014<\/td>\n<td style=\"text-align: center;\">70 mdl<\/td>\n<td style=\"text-align: center;\"><\/td>\n<td style=\"text-align: center;\">80 mdl<\/td>\n<\/tr>\n<\/tbody>\n<\/table>\n<p><em>* Dac\u0103 comanda este facut\u0103 pin\u0103 la ora 12 de Luni p\u00eena Vineri, \u0219i pina la orele 11 S\u00eemb\u0103t\u0103<\/em><\/p>\n<p><em>** Dac\u0103 comanda este f\u0103cut\u0103 \u00een ziua de S\u00eemb\u0103t\u0103 &#8211; Procesarea \u0219i livrarea va fi facut\u0103 \u00een ziua de Luni<\/em><\/p>\n<p>&nbsp;<\/p>\n<p>Livrarea se efectueaz\u0103 de Luni p\u00een\u0103 S\u00eemb\u0103t\u0103.<strong>\u00cen ziua de Duminic\u0103 livr\u0103rile nu se efectueaz\u0103!<\/strong><\/p>\n<p>Livrarea se efectueaz\u0103 doar pentru produsele comandate. Livrarea mai multor produse cu inten\u021bia de a alege pe loc un produs nu este disponibil\u0103.<\/p>\n<p><strong>La comandarea bunurilor la domiciliu plata se face NUMAI cash.<\/strong><\/p>\n<p>Livrarea nu se efectueaz\u0103 neap\u0103rat la adresa cump\u0103r\u0103torului.<\/p>\n<p>Dac\u0103 dore\u0219te, cump\u0103r\u0103torul poate aranja livrarea la cea mai apropiat\u0103 sucursal\u0103 a Nova Poshta, unde este convenabil s\u0103 pl\u0103teasc\u0103 nu numai \u00een numerar, ci \u0219i cu un card VISA sau MASTERCARD.<\/p>\n<p>Livrarea se efectueaz\u0103 numai pentru acele produse care sunt incluse \u00een lista de comand\u0103. Livrarea mai multor bunuri pentru a selecta una dintre ele la locul de livrare nu se efectueaz\u0103.<\/p>\n<p><strong>Nu livram in Transnistria.<\/strong><\/p>\n<p>Curierul v\u0103 va apela cu 30 de minute \u00eenainte de a ajunge la destina\u021bie.<\/p>\n<p>\u00cen angajamentele curierului nu intr\u0103 instalarea,conectarea, demonstrarea tuturor caracteristicilor sau predarea modului de utilizarea a produsului.<\/p>\n<p>&nbsp;<\/p>\n<p><strong>Ridicare personal\u0103:<\/strong><\/p>\n<p>Livrarea automat\u0103 este convenabil\u0103 deoarece nu trebuie s\u0103 sta\u021bi acas\u0103 \u0219i s\u0103 a\u0219tepta\u021bi curierul. Ridica\u021bi comenzile la orice or\u0103 convenabil\u0103 pentru dvs. de la biroul nostru din centrul ora\u0219ului la adresa: B\u0103l\u021bi, str. M. Viteazul 35A<\/p>\n<p>V\u0103 rug\u0103m s\u0103 re\u021bine\u021bi c\u0103, la primirea comenzii, este necesar s\u0103 verifica\u021bi caracterul complet \u0219i aspectul acesteia. Prin semnarea cardului de garan\u021bie, confirma\u021bi c\u0103 nu ave\u021bi preten\u021bii fa\u021b\u0103 de produs \u0219i magazin.<\/p>\n<p>\u00cen caz de deteriorare a m\u0103rfii, sau ambalare incomplet\u0103 a comenzii, refuza\u021bi plata comenzii \u0219i v\u0103 rug\u0103m s\u0103 ne informa\u021bi despre ceea ce s-a \u00eent\u00e2mplat la telefon: <a href=\"tel:+37360291199\"><strong>+373 602 911 99<\/strong><\/a>.<\/p>\n<p>Dac\u0103 comanda este livrat\u0103 \u0219i \u00eendepline\u0219te toate condi\u021biile de garan\u021bie, dar v\u0103 r\u0103zg\u00e2ndi\u021bi cu privire la efectuarea unei achizi\u021bii, vi se va cere s\u0103 pl\u0103ti\u021bi costurile de c\u0103l\u0103torie \u0219i transport ale curierului. Prin urmare, asigura\u021bi-v\u0103 c\u0103 alege\u021bi exact produsul pe care dori\u021bi cu adev\u0103rat s\u0103-l achizi\u021biona\u021bi.<\/p>\n<p>&nbsp;<\/p>\n<p><strong>Anularea Comenzii<\/strong><\/p>\n<p>Comanda poate fi anulata gratuit, doar in caz daca nu era transmisa la curier, sau comanda facuta cu ridicarea personala din oficiu.<\/p>\n<p>Dac\u0103 comanda este deja \u00een procesul de livrare, iar DVS dori\u021bi s\u0103 o anula\u021bi din alte motive dec\u00eet motive invocate de EcoDom.md atunci:<\/p>\n<ul>\n<li>\u00cen Chi\u0219in\u0103u \u0219i suburbiile ora\u0219ului, DVS achita\u021bi doar pre\u021bul livr\u0103rii indicat \u00een invoice<\/li>\n<li>\u00cen Republic\u0103 DVS achita\u021bi suma dubl\u0103 a livr\u0103rii indicat\u0103 \u00een invoice<\/li>\n<\/ul>\n","protected":false},"excerpt":{"rendered":"<p>Chisinau (\u00cen aceea\u0219i zi*) Chisinau (Pentru urmatoarea zi**) \u00cen Republica (2-3 zile lucr\u0103toare) Livrare \u2014 70 mdl 80 mdl *<\/p>\n","protected":false},"author":1,"featured_media":0,"parent":0,"menu_order":0,"comment_status":"closed","ping_status":"closed","template":"","meta":{"footnotes":""},"class_list":["post-8300","page","type-page","status-publish","hentry"],"aioseo_notices":[],"_links":{"self":[{"href":"https:\/\/ecodom.md\/ro\/wp-json\/wp\/v2\/pages\/8300","targetHints":{"allow":["GET"]}}],"collection":[{"href":"https:\/\/ecodom.md\/ro\/wp-json\/wp\/v2\/pages"}],"about":[{"href":"https:\/\/ecodom.md\/ro\/wp-json\/wp\/v2\/types\/page"}],"author":[{"embeddable":true,"href":"https:\/\/ecodom.md\/ro\/wp-json\/wp\/v2\/users\/1"}],"replies":[{"embeddable":true,"href":"https:\/\/ecodom.md\/ro\/wp-json\/wp\/v2\/comments?post=8300"}],"version-history":[{"count":0,"href":"https:\/\/ecodom.md\/ro\/wp-json\/wp\/v2\/pages\/8300\/revisions"}],"wp:attachment":[{"href":"https:\/\/ecodom.md\/ro\/wp-json\/wp\/v2\/media?parent=8300"}],"curies":[{"name":"wp","href":"https:\/\/api.w.org\/{rel}","templated":true}]}}